{"id":319,"date":"2017-04-21T12:16:00","date_gmt":"2017-04-21T12:16:00","guid":{"rendered":"http:\/\/homeinabowl.de\/?page_id=319"},"modified":"2019-08-17T14:04:33","modified_gmt":"2019-08-17T14:04:33","slug":"pressespiegel","status":"publish","type":"page","link":"http:\/\/homeinabowl.de\/?page_id=319","title":{"rendered":"Pressespiegel"},"content":{"rendered":"<h3>Das sagt die Presse \u00fcber uns (eine Auswahl):<\/h3>\n<p>&#8222;Diese Geschichten machen mir noch deutlicher, wie wichtig und unterst\u00fctzenswert so positive, lebensfrohe Projekte wie Home in a Bowl sind. Essen ist Emotion, ist Zuhause und Familie und Rettung, und es macht uns empf\u00e4nglich f\u00fcr neue Erfahrungen, f\u00fcr Erz\u00e4hlungen von anderswo. Nach vielen Kaffee-Nachbestellungen, Geschichten und Gel\u00e4chter an dem kleinen Caf\u00e9tisch im Bismarckviertel verabschieden wir uns voneinander, und ich habe das Gef\u00fchl, f\u00fcnf neue Freunde gewonnen zu haben. Auf dem Heimweg begleiten mich Gedanken zu unser aller Grundbed\u00fcrfnissen. Gemeinschaft, W\u00e4rme, Geborgenheit, und was Gutes zu Essen. Vielleicht ist das mit dem Zusammenleben gar nicht so schwierig, wie man manchmal glauben m\u00f6chte. Und vielleicht sollten wir alle uns \u00f6fter gegenseitig zeigen, wie bei uns zuhause gekocht wurde.&#8220; (21. Januar 2019, <a href=\"http:\/\/presstige.org\/2019\/01\/ein-zuhause-zum-mitnehmen\/?fbclid=IwAR2ORJsgLqXlj6IGT0L7SRZSoDuc7gIdHjagonjEZKzHlfKYfNemHgvyPrQ\">presstige &#8211; das Augsburger Hochschulmagazin<\/a>)<\/p>\n<p>&#8222;Dabei geht es immer um das Erlebnis zusammen zu kochen. \u201eGemeinsam Essen zubereiten ist ungezwungen, weil jeder etwas zu tun hat. Man begegnet sich offen, lernt neues dazu und probiert unbekannte Sachen aus\u201c, sagt Julia Kabatas vom Verein Home in a Bowl.&#8220; (27. Dezember 2018, <a href=\"https:\/\/www.augsburger-allgemeine.de\/augsburg\/Lieblingsrezepte-und-kulinarische-Geheimnisse-id53034536.html?fbclid=IwAR0U-W-_WJkMT7L9AvoXW98gbDep0TXy8PSXy3YEYLaAtuhH6lmW3al9k0s\">Augsburger Allgemeine<\/a>)<\/p>\n<p>&#8222;Es gibt ja Projekte, die einem sofort sympathisch sind und fast ein wenig ans Herz wachsen. So geht es mir zum Beispiel mit der Initiative \u201cHome in a Bowl\u201d. Ein, mittlerweile, eingetragener Verein aus Augsburg, der sich als interkultureller Botschafter versteht und Menschen verschiedener Kulturen miteinander verbinden m\u00f6chte. Und das auf die f\u00fcr mich sch\u00f6nste Art und Weise. Durch gemeinsames Essen und Kochen!&#8220; (6. Februar 2017, <a href=\"http:\/\/www.behyflora.com\/2017\/02\/veganer-erdnusseintopf-oder-wie-essen.html\"><u><span style=\"color: #0066cc;\">Behyflora<\/span><\/u><\/a>\u00a0&#8211; ein vegetarischer Foodblog)<\/p>\n<p>&#8222;Wenn die beiden von ihrem interkulturellen Kochbuch erz\u00e4hlen, merkt man sofort: Sie lieben, was sie tun.&#8220; (15. Dezember 2016, <a href=\"https:\/\/www.lifeguide-augsburg.de\/magazin\/kochen-macht-gluecklich\"><u><span style=\"color: #0066cc;\">Lifeguide Augsburg<\/span><\/u><\/a>)<\/p>\n<p>&#8222;Die drei haben uns mit &#8222;Home in a Bowl&#8220; das sch\u00f6nste Kochbuch Augsburgs geschenkt.&#8220; (Kurt Idrizovic, Buchhandlung am Obstmarkt, Dezember 2016, <a href=\"http:\/\/a3regional.de\/sites\/default\/files\/aktuelleausgaben\/a3regional_sv_2016.pdf\"><u><span style=\"color: #0066cc;\">a3-Kultur<\/span><\/u><\/a>)<\/p>\n<p>\u201eJohanna, Karin und Tanja geh\u00f6ren zu diesen jungen coolen Leuten, sie leisten mit ihrem interkulturellen Kochbuch \u201eHome in a Bowl\u201c einen Beitrag zur\u00a0\u00d6ffnung unserer Gesellschaft.\u201c (Dezember 2015, <a href=\"http:\/\/zeitjung.de\/interkulturelles-kochbuch-gerichte-aus-aller-welt-vielfalt-gesellschaft\/\"><u><span style=\"color: #0066cc;\">Zeitjung.de<\/span><\/u><\/a>)<\/p>\n<p>&#8222;Was kochen Augsburger, die aus Frankreich, den USA oder Afghanistan stammen? Drei Augsburgerinnen haben vielen beim Kochen zugeschaut und stellen ihre Rezepte und Geschichten\u00a0vor.&#8220; (07. November 2015, <a href=\"http:\/\/www.augsburger-allgemeine.de\/augsburg\/Internationales-Kochbuch-Ueber-den-Tellerrand-geblickt-id36006047.html\"><u><span style=\"color: #0066cc;\">Augsburger Allgemeine<\/span><\/u><\/a>)<\/p>\n","protected":false},"excerpt":{"rendered":"<p>Das sagt die Presse \u00fcber uns (eine Auswahl): &#8222;Diese Geschichten machen mir noch deutlicher, wie wichtig und unterst\u00fctzenswert so positive, lebensfrohe Projekte wie Home in a Bowl sind. Essen ist Emotion, ist Zuhause und Familie&hellip; <a class=\"excerpt-more-link\" href=\"http:\/\/homeinabowl.de\/?page_id=319\">Read More<\/a><\/p>\n","protected":false},"author":3,"featured_media":0,"parent":0,"menu_order":0,"comment_status":"closed","ping_status":"closed","template":"","meta":{"spay_email":""},"jetpack_sharing_enabled":true,"jetpack_shortlink":"https:\/\/wp.me\/P6KEQx-59","jetpack-related-posts":[{"id":13,"url":"http:\/\/homeinabowl.de\/?page_id=13","url_meta":{"origin":319,"position":0},"title":"unser Verein","date":"September 18, 2015","format":false,"excerpt":"Im Oktober 2014 machten sich Johanna Wehle, Karin Wehle und Tanja Blum auf die spannende Reise durch die K\u00fcchen von Menschen aus den unterschiedlichsten L\u00e4ndern, die in Augsburg ihre Heimat gefunden haben. Sie wollten deren Lieblingsgerichte und die pers\u00f6nlichen Geschichten rund um die Gerichte kennenlernen, die dann im Herbst 2015\u2026","rel":"","context":"\u00c4hnlicher Beitrag","img":{"alt_text":"","src":"https:\/\/i2.wp.com\/homeinabowl.de\/wp-content\/uploads\/2019\/08\/DSC01307.jpg?resize=350%2C200","width":350,"height":200},"classes":[]},{"id":456,"url":"http:\/\/homeinabowl.de\/?page_id=456","url_meta":{"origin":319,"position":1},"title":"Markt der Utopien","date":"April 16, 2021","format":false,"excerpt":"Eine Performance F\u00fcr das Friedensfest der Stadt Augsburg 2018 er\u00f6ffneten wir den \"Markt der Utopien\" und stellten Lebensmittel vor, die von vielen Versprechen begleitet wurden. Superm\u00e4rkte verkaufen l\u00e4ngst nicht mehr nur Dinge - die Regale sind prall gef\u00fcllt mit Utopien. Die Heilsversprechen sind dabei so unterschiedlich wie zahlreich: Gl\u00fcckliche Tiere,\u2026","rel":"","context":"\u00c4hnlicher Beitrag","img":{"alt_text":"","src":"https:\/\/i2.wp.com\/homeinabowl.de\/wp-content\/uploads\/2021\/04\/Plakat-Crmbs-small-1-scaled.jpg?resize=350%2C200","width":350,"height":200},"classes":[]},{"id":125,"url":"http:\/\/homeinabowl.de\/?page_id=125","url_meta":{"origin":319,"position":2},"title":"Die Idee","date":"Februar 9, 2016","format":false,"excerpt":"In Augsburg leben \u00fcber 40% Menschen mit Migrationshintergrund \u2013 die besten Voraussetzungen f\u00fcr unsere interkulturellen Kochb\u00fccher! Seit Ende 2014 kochen wir mit Menschen aus den unterschiedlichsten L\u00e4ndern, die in Augsburg ihre Heimat gefunden haben. Wir durften viele Lieblingsgerichte, Kochgeschichten und wunderbare Menschen kennenlernen.Unser Ziel ist es Menschen zu verbinden. Gerade\u2026","rel":"","context":"\u00c4hnlicher Beitrag","img":{"alt_text":"","src":"","width":0,"height":0},"classes":[]},{"id":198,"url":"http:\/\/homeinabowl.de\/?page_id=198","url_meta":{"origin":319,"position":3},"title":"Datenschutzerkl\u00e4rung","date":"Mai 8, 2016","format":false,"excerpt":"Diese Datenschutzerkl\u00e4rung kl\u00e4rt Sie \u00fcber die Art, den Umfang und Zweck der Verarbeitung von personenbezogenen Daten (nachfolgend kurz \u201eDaten\u201c) innerhalb unseres Onlineangebotes und der mit ihm verbundenen Webseiten, Funktionen und Inhalte sowie externen Onlinepr\u00e4senzen, wie z.B. unser Social Media Profile auf (nachfolgend gemeinsam bezeichnet als \u201eOnlineangebot\u201c). Im Hinblick auf die\u2026","rel":"","context":"\u00c4hnlicher Beitrag","img":{"alt_text":"","src":"","width":0,"height":0},"classes":[]},{"id":450,"url":"http:\/\/homeinabowl.de\/?page_id=450","url_meta":{"origin":319,"position":4},"title":"Geschmacksfreiheit und Genussgrenzen","date":"April 16, 2021","format":false,"excerpt":"Eine interaktive Food-Performance bei der Langen Nacht der Freiheit der Stadt Augsburg 2017 Ein Aspekt von Freiheit ist, sich frei zu bewegen und frei zwischen verschiedenen M\u00f6glichkeiten w\u00e4hlen zu k\u00f6nnen. Aber diese Form der Freiheit ist stark an die Staatsb\u00fcrgerschaft gebunden, und damit vom Pass abh\u00e4ngig. Auch beim Essen ist\u2026","rel":"","context":"\u00c4hnlicher Beitrag","img":{"alt_text":"","src":"https:\/\/i2.wp.com\/homeinabowl.de\/wp-content\/uploads\/2021\/04\/DSC01767.jpg?resize=350%2C200","width":350,"height":200},"classes":[]},{"id":420,"url":"http:\/\/homeinabowl.de\/?page_id=420","url_meta":{"origin":319,"position":5},"title":"Mitglied werden!?","date":"August 17, 2019","format":false,"excerpt":"M\u00f6chtest du uns und unsere Projekte n\u00e4her kennenlernen und dir vielleicht gemeinsam mit uns neue Ideen ausdenken? Oder kochst du sehr gern und m\u00f6chtest unsere Veranstaltungen kulinarisch bereichern? Oder m\u00f6chtest du uns anderweitig unterst\u00fctzen? Dann schreib uns einfach eine Mail an kontakt@homeinabowl.de oder komm zu einem unserer Treffen vorbei!","rel":"","context":"\u00c4hnlicher Beitrag","img":{"alt_text":"","src":"https:\/\/i0.wp.com\/homeinabowl.de\/wp-content\/uploads\/2019\/07\/DSC01914-Kopie.jpg?resize=350%2C200","width":350,"height":200},"classes":[]}],"jetpack_likes_enabled":true,"_links":{"self":[{"href":"http:\/\/homeinabowl.de\/index.php?rest_route=\/wp\/v2\/pages\/319"}],"collection":[{"href":"http:\/\/homeinabowl.de\/index.php?rest_route=\/wp\/v2\/pages"}],"about":[{"href":"http:\/\/homeinabowl.de\/index.php?rest_route=\/wp\/v2\/types\/page"}],"author":[{"embeddable":true,"href":"http:\/\/homeinabowl.de\/index.php?rest_route=\/wp\/v2\/users\/3"}],"replies":[{"embeddable":true,"href":"http:\/\/homeinabowl.de\/index.php?rest_route=%2Fwp%2Fv2%2Fcomments&post=319"}],"version-history":[{"count":7,"href":"http:\/\/homeinabowl.de\/index.php?rest_route=\/wp\/v2\/pages\/319\/revisions"}],"predecessor-version":[{"id":427,"href":"http:\/\/homeinabowl.de\/index.php?rest_route=\/wp\/v2\/pages\/319\/revisions\/427"}],"wp:attachment":[{"href":"http:\/\/homeinabowl.de\/index.php?rest_route=%2Fwp%2Fv2%2Fmedia&parent=319"}],"curies":[{"name":"wp","href":"https:\/\/api.w.org\/{rel}","templated":true}]}}