{"id":65,"date":"2015-11-01T17:26:41","date_gmt":"2015-11-01T17:26:41","guid":{"rendered":"http:\/\/homeinabowl.de\/?page_id=65"},"modified":"2019-08-15T15:42:22","modified_gmt":"2019-08-15T15:42:22","slug":"einkaufsguide-2","status":"publish","type":"page","link":"http:\/\/homeinabowl.de\/?page_id=65","title":{"rendered":"interkultureller Einkaufsguide"},"content":{"rendered":"<p data-canvas-width=\"402.7837518376941\">Die meisten der Zutaten unserer Rezepte sind im mittelgro\u00dfen Supermarkt um die Ecke zu&nbsp;finden. F\u00fcr Produkte wie Okraschoten, Kochbananen oder verschiedene Gew\u00fcrze muss man&nbsp;sich aber vielleicht doch auf die spannende Suche nach asiatischen, osteurop\u00e4ischen oder&nbsp;arabischen Superm\u00e4rkten begeben. Diese gibt es in kleinere oder gr\u00f6\u00dferer Anzahl in jeder&nbsp;Stadt, wir haben hier einmal einige Beispiele in Augsburg zusammengestellt:<\/p>\n<p><strong>Tai Thanh Asialaden<\/strong> &#8211; sehr gut sortierter Supermarkt f\u00fcr alle asiatischen Lebensmittel (fr\u00fcher beim Jakobertor)<\/p>\n<p><span class=\"_Xbe\">Donauw\u00f6rther Str. 28, 86154 Augsburg<\/span><\/p>\n<hr>\n<p><a href=\"https:\/\/www.facebook.com\/Kimlong-Supermarkt\u91d1\u9f99\u4e9a\u6d32-154409694727619\/\"><strong>Kimlong Supermarkt<\/strong><\/a> &#8211; gro\u00dfer Asiasupermarkt in Lechhausen mit einer gro\u00dfen Auswahl an frischem Obst und Gem\u00fcse<\/p>\n<p>Meraner Str. 3,&nbsp;86165 Augsburg<\/p>\n<hr>\n<p><strong>Noodaeng`s Asiatische Spezialit\u00e4ten<\/strong> &#8211; kleiner Laden in der Altstadt mit vielen Kochtipps der Besitzerin<\/p>\n<p>Spitalgasse 12,&nbsp;86150 Augsburg<\/p>\n<hr>\n<p><a href=\"https:\/\/www.mixmarkt.eu\/de\/germany\/\"><strong>Mix Markt<\/strong><\/a> &#8211; gro\u00dfer Supermarkt f\u00fcr osteurop\u00e4ische Spezialit\u00e4ten<\/p>\n<p>Johann-Georg-Halske-Str. 20,&nbsp;86159 Augsburg<br \/>\nund Steinerne Furt 34a,&nbsp;86167 Augsburg<\/p>\n<hr>\n<p><strong>Alsalam<\/strong> &#8211; ein kleiner arabischer\/orientalischer Laden beim Oberhauser Bahnhof<\/p>\n<p>Neuh\u00e4userstr. 4,&nbsp;86154 Augsburg<\/p>\n<hr>\n<p><a href=\"https:\/\/www.facebook.com\/pages\/category\/Grocery-Store\/Palmyra-Abo-Saliba-1700059340310470\/\"><strong>Palmyra Multicenter<\/strong><\/a> &#8211; arabische und orientalische Spezialit\u00e4ten in der Altstadt<\/p>\n<p>Hunoldsgraben 11,&nbsp;86150 Augsburg<\/p>\n<hr>\n<p><strong>Super Pars<\/strong> &#8211; Persische Lebensmittel<\/p>\n<p>Auf dem Kreuz 51,&nbsp;86152 Augsburg<\/p>\n<hr>\n<p><strong>Punjab Indian&nbsp;Shop<\/strong> &#8211; Indische, aber auch asiatische und afrikanische Lebensmittel, frische S\u00fc\u00dfkartoffeln, Kochbananen, Okraschoten,&#8230;<\/p>\n<p>Bahnhofstr. 29,&nbsp;86150 Augsburg<\/p>\n<hr>\n<p><a href=\"https:\/\/www.facebook.com\/huedaverdiaugsburg\/\"><strong>H\u00fcdaverdi Supermarkt<\/strong><\/a> &#8211; gro\u00dfer t\u00fcrkischer Supermarkt mit gro\u00dfer Auswahl an frischem Fisch, Fleisch und Backwaren<\/p>\n<p>B\u00f6heimstr. 6a,&nbsp;86153 Augsburg<\/p>\n<hr>\n<p><strong>Morgenland Bazar<\/strong>&nbsp;&#8211; orientalische\/afrikanische Lebensmittel, gro\u00dfe Auswahl an Gew\u00fcrzen, gefrorenem Fisch, kleine Theke mit Gem\u00fcse z.B. Okraschoten, Kochbananen<\/p>\n<p>Wertachstr. 27,&nbsp;86153 Augsburg<\/p>\n<hr>\n<p><strong>Viktualien Feinkost<\/strong> &#8211; Internationale Spezialit\u00e4ten<\/p>\n<p>B\u00e4ckergasse 4,&nbsp;86150 Augsburg<\/p>\n<hr>\n<p><a href=\"http:\/\/www.kliver-markt.de\/16\/augsburg\/\"><strong>KLIVER Markt<\/strong><\/a>&nbsp;&#8211;&nbsp;Osteurop\u00e4ische Spezialit\u00e4ten, gro\u00dfe Auswahl an&nbsp;Fisch- und Meeresfr\u00fcchten, Obst und Gem\u00fcse<\/p>\n<p>Osker-von-Miller-Str. 81,&nbsp;86199 Augsburg<\/p>\n<p>&nbsp;<\/p>\n","protected":false},"excerpt":{"rendered":"<p>Die meisten der Zutaten unserer Rezepte sind im mittelgro\u00dfen Supermarkt um die Ecke zu&nbsp;finden. F\u00fcr Produkte wie Okraschoten, Kochbananen oder verschiedene Gew\u00fcrze muss man&nbsp;sich aber vielleicht doch auf die spannende Suche nach asiatischen, osteurop\u00e4ischen oder&nbsp;arabischen&hellip; <a class=\"excerpt-more-link\" href=\"http:\/\/homeinabowl.de\/?page_id=65\">Read More<\/a><\/p>\n","protected":false},"author":3,"featured_media":0,"parent":0,"menu_order":0,"comment_status":"closed","ping_status":"closed","template":"","meta":{"spay_email":""},"jetpack_sharing_enabled":true,"jetpack_shortlink":"https:\/\/wp.me\/P6KEQx-13","jetpack-related-posts":[{"id":88,"url":"http:\/\/homeinabowl.de\/?page_id=88","url_meta":{"origin":65,"position":0},"title":"Bezugsquellen","date":"Dezember 1, 2015","format":false,"excerpt":"M\u00f6chtest du Band 2 unseres Kochbuchs direkt bei uns bestellen (Band 1 ist leider ausverkauft) ? Schick uns hierf\u00fcr bitte eine Mail an kontakt@homeinabowl.de mit der gew\u00fcnschten Anzahl und eurer Adresse. Du bekommst dann eine Antwort mit unserer Kontoverbindung. Wenn die \u00dcberweisung bei uns eingegangen ist, versenden wir die Bestellung\u2026","rel":"","context":"\u00c4hnlicher Beitrag","img":{"alt_text":"","src":"","width":0,"height":0},"classes":[]},{"id":13,"url":"http:\/\/homeinabowl.de\/?page_id=13","url_meta":{"origin":65,"position":1},"title":"unser Verein","date":"September 18, 2015","format":false,"excerpt":"Im Oktober 2014 machten sich Johanna Wehle, Karin Wehle und Tanja Blum auf die spannende Reise durch die K\u00fcchen von Menschen aus den unterschiedlichsten L\u00e4ndern, die in Augsburg ihre Heimat gefunden haben. Sie wollten deren Lieblingsgerichte und die pers\u00f6nlichen Geschichten rund um die Gerichte kennenlernen, die dann im Herbst 2015\u2026","rel":"","context":"\u00c4hnlicher Beitrag","img":{"alt_text":"","src":"https:\/\/i2.wp.com\/homeinabowl.de\/wp-content\/uploads\/2019\/08\/DSC01307.jpg?resize=350%2C200","width":350,"height":200},"classes":[]},{"id":10,"url":"http:\/\/homeinabowl.de\/?page_id=10","url_meta":{"origin":65,"position":2},"title":"Impressum","date":"September 18, 2015","format":false,"excerpt":"Home in a Bowl e.V. Blumenstra\u00dfe 15a 86152 Augsburg kontakt@homeinabowl.de Gemeinschaftlich vertretungsberechtigt: 1. Vorsitzende: Karin Wehle 2. Vorsitzende: Julia Kabatas 3. Vorsitzende: Tanja Blum Registergericht: Amtsgericht Augsburg Registernummer: VR 201908 V.i.S.d \u00a7 55 Abs. 2 RStV: Karin Wehle Blumenstr. 15a 86152 Augsburg","rel":"","context":"\u00c4hnlicher Beitrag","img":{"alt_text":"","src":"","width":0,"height":0},"classes":[]},{"id":7,"url":"http:\/\/homeinabowl.de\/?page_id=7","url_meta":{"origin":65,"position":3},"title":"Hey!","date":"September 18, 2015","format":false,"excerpt":"Wir sind Home in a Bowl e. V., ein gemeinn\u00fctziger Verein aus Augsburg. Seit Ende 2014 kochen wir mit unterschiedlichsten Menschen, die in Augsburg ihre Heimat gefunden haben. Wir durften seither viele Lieblingsgerichte, Kochgeschichten und wunderbare Menschen kennenlernen. Unser Ziel ist es, Menschen zu verbinden. Gerade in der heutigen Zeit\u2026","rel":"","context":"\u00c4hnlicher Beitrag","img":{"alt_text":"","src":"https:\/\/i1.wp.com\/homeinabowl.de\/wp-content\/uploads\/2024\/11\/turgay_zocken10.jpg?resize=350%2C200","width":350,"height":200},"classes":[]},{"id":319,"url":"http:\/\/homeinabowl.de\/?page_id=319","url_meta":{"origin":65,"position":4},"title":"Pressespiegel","date":"April 21, 2017","format":false,"excerpt":"Das sagt die Presse \u00fcber uns (eine Auswahl): \"Diese Geschichten machen mir noch deutlicher, wie wichtig und unterst\u00fctzenswert so positive, lebensfrohe Projekte wie Home in a Bowl sind. Essen ist Emotion, ist Zuhause und Familie und Rettung, und es macht uns empf\u00e4nglich f\u00fcr neue Erfahrungen, f\u00fcr Erz\u00e4hlungen von anderswo. Nach\u2026","rel":"","context":"\u00c4hnlicher Beitrag","img":{"alt_text":"","src":"","width":0,"height":0},"classes":[]},{"id":125,"url":"http:\/\/homeinabowl.de\/?page_id=125","url_meta":{"origin":65,"position":5},"title":"Die Idee","date":"Februar 9, 2016","format":false,"excerpt":"In Augsburg leben \u00fcber 40% Menschen mit Migrationshintergrund \u2013 die besten Voraussetzungen f\u00fcr unsere interkulturellen Kochb\u00fccher! Seit Ende 2014 kochen wir mit Menschen aus den unterschiedlichsten L\u00e4ndern, die in Augsburg ihre Heimat gefunden haben. Wir durften viele Lieblingsgerichte, Kochgeschichten und wunderbare Menschen kennenlernen.Unser Ziel ist es Menschen zu verbinden. Gerade\u2026","rel":"","context":"\u00c4hnlicher Beitrag","img":{"alt_text":"","src":"","width":0,"height":0},"classes":[]}],"jetpack_likes_enabled":true,"_links":{"self":[{"href":"http:\/\/homeinabowl.de\/index.php?rest_route=\/wp\/v2\/pages\/65"}],"collection":[{"href":"http:\/\/homeinabowl.de\/index.php?rest_route=\/wp\/v2\/pages"}],"about":[{"href":"http:\/\/homeinabowl.de\/index.php?rest_route=\/wp\/v2\/types\/page"}],"author":[{"embeddable":true,"href":"http:\/\/homeinabowl.de\/index.php?rest_route=\/wp\/v2\/users\/3"}],"replies":[{"embeddable":true,"href":"http:\/\/homeinabowl.de\/index.php?rest_route=%2Fwp%2Fv2%2Fcomments&post=65"}],"version-history":[{"count":16,"href":"http:\/\/homeinabowl.de\/index.php?rest_route=\/wp\/v2\/pages\/65\/revisions"}],"predecessor-version":[{"id":398,"href":"http:\/\/homeinabowl.de\/index.php?rest_route=\/wp\/v2\/pages\/65\/revisions\/398"}],"wp:attachment":[{"href":"http:\/\/homeinabowl.de\/index.php?rest_route=%2Fwp%2Fv2%2Fmedia&parent=65"}],"curies":[{"name":"wp","href":"https:\/\/api.w.org\/{rel}","templated":true}]}}