{"id":13,"date":"2015-09-18T07:56:59","date_gmt":"2015-09-18T07:56:59","guid":{"rendered":"http:\/\/homeinabowl.de\/?page_id=13"},"modified":"2019-08-30T19:24:05","modified_gmt":"2019-08-30T19:24:05","slug":"ueber-uns","status":"publish","type":"page","link":"https:\/\/homeinabowl.de\/?page_id=13","title":{"rendered":"unser Verein"},"content":{"rendered":"<p style=\"text-align: left;\">Im Oktober 2014 machten sich Johanna Wehle, Karin Wehle und Tanja Blum auf die spannende Reise durch die K\u00fcchen von Menschen aus den unterschiedlichsten L\u00e4ndern, die in Augsburg ihre Heimat gefunden haben. Sie wollten deren Lieblingsgerichte und die pers\u00f6nlichen Geschichten rund um die Gerichte kennenlernen, die dann im Herbst 2015 in dem Buch &#8222;Home in a Bowl&#8220; ver\u00f6ffentlicht wurden.<\/p>\n<p style=\"text-align: left;\">Nachdem das erste Kochbuch ein gro\u00dfer Erfolg war und dar\u00fcber hinaus mehrere Verkaufsst\u00e4nde mit internationaler K\u00fcche beim Festival der Kulturen sowie verschiedene Veranstaltungen f\u00fcr das Friedensfest und die Lange Kunstnacht organisiert wurden, beschlossen Johanna, Karin und Tanja im Sommer 2016 den Verein &#8222;Home in a Bowl e.V.&#8220; zu gr\u00fcnden.<\/p>\n<p style=\"text-align: left;\">Seitdem planen und veranstalten wir gemeinsam Projekte rund um die interkulturelle Essenskultur in Augsburg. Im Dezember 2018 ist das zweite &#8222;Home in a Bowl&#8220;-Kochbuch erschienen und derzeit arbeiten wir mit den mittlerweile 26 Vereinsmitgliedern an verschiedenen neuen Projektideen.<\/p>\n<p style=\"text-align: left;\">Ziel all unserer Projekte ist es, Begegnungsm\u00f6glichkeiten f\u00fcr Menschen zu schaffen (und gibt es daf\u00fcr eine bessere M\u00f6glichkeit als gemeinsam zu kochen oder gemeinsam verschiedene Gerichte zu probieren?), deutlich zu machen, wie bereichernd gesellschaftliche Vielfalt ist\u00a0 und zu zeigen, welcher Schatz an kulinarischem Wissen und K\u00f6nnen in Augsburg vorhanden ist.<\/p>\n\n\n<figure class=\"wp-block-image\"><img data-attachment-id=\"402\" data-permalink=\"https:\/\/homeinabowl.de\/?attachment_id=402\" data-orig-file=\"https:\/\/i2.wp.com\/homeinabowl.de\/wp-content\/uploads\/2019\/08\/DSC01307.jpg?fit=4912%2C3264&amp;ssl=1\" data-orig-size=\"4912,3264\" data-comments-opened=\"0\" data-image-meta=\"{&quot;aperture&quot;:&quot;4&quot;,&quot;credit&quot;:&quot;&quot;,&quot;camera&quot;:&quot;NEX-3N&quot;,&quot;caption&quot;:&quot;&quot;,&quot;created_timestamp&quot;:&quot;1494961699&quot;,&quot;copyright&quot;:&quot;&quot;,&quot;focal_length&quot;:&quot;22&quot;,&quot;iso&quot;:&quot;200&quot;,&quot;shutter_speed&quot;:&quot;0.008&quot;,&quot;title&quot;:&quot;&quot;,&quot;orientation&quot;:&quot;1&quot;}\" data-image-title=\"DSC01307\" data-image-description=\"\" data-medium-file=\"https:\/\/i2.wp.com\/homeinabowl.de\/wp-content\/uploads\/2019\/08\/DSC01307.jpg?fit=300%2C199&amp;ssl=1\" data-large-file=\"https:\/\/i2.wp.com\/homeinabowl.de\/wp-content\/uploads\/2019\/08\/DSC01307.jpg?fit=660%2C438&amp;ssl=1\" loading=\"lazy\" width=\"660\" height=\"438\" src=\"https:\/\/i2.wp.com\/homeinabowl.de\/wp-content\/uploads\/2019\/08\/DSC01307.jpg?resize=660%2C438\" alt=\"\" class=\"wp-image-402\" srcset=\"https:\/\/i2.wp.com\/homeinabowl.de\/wp-content\/uploads\/2019\/08\/DSC01307.jpg?resize=1024%2C680&amp;ssl=1 1024w, https:\/\/i2.wp.com\/homeinabowl.de\/wp-content\/uploads\/2019\/08\/DSC01307.jpg?resize=300%2C199&amp;ssl=1 300w, https:\/\/i2.wp.com\/homeinabowl.de\/wp-content\/uploads\/2019\/08\/DSC01307.jpg?resize=768%2C510&amp;ssl=1 768w, https:\/\/i2.wp.com\/homeinabowl.de\/wp-content\/uploads\/2019\/08\/DSC01307.jpg?resize=1000%2C664&amp;ssl=1 1000w, https:\/\/i2.wp.com\/homeinabowl.de\/wp-content\/uploads\/2019\/08\/DSC01307.jpg?resize=373%2C248&amp;ssl=1 373w, https:\/\/i2.wp.com\/homeinabowl.de\/wp-content\/uploads\/2019\/08\/DSC01307.jpg?w=1320 1320w, https:\/\/i2.wp.com\/homeinabowl.de\/wp-content\/uploads\/2019\/08\/DSC01307.jpg?w=1980 1980w\" sizes=\"(max-width: 660px) 100vw, 660px\" data-recalc-dims=\"1\" \/><\/figure>\n","protected":false},"excerpt":{"rendered":"<p>Im Oktober 2014 machten sich Johanna Wehle, Karin Wehle und Tanja Blum auf die spannende Reise durch die K\u00fcchen von Menschen aus den unterschiedlichsten L\u00e4ndern, die in Augsburg ihre Heimat gefunden haben. Sie wollten deren&hellip; <a class=\"excerpt-more-link\" href=\"https:\/\/homeinabowl.de\/?page_id=13\">Read More<\/a><\/p>\n","protected":false},"author":1,"featured_media":0,"parent":0,"menu_order":0,"comment_status":"closed","ping_status":"closed","template":"","meta":{"spay_email":""},"jetpack_sharing_enabled":false,"jetpack_shortlink":"https:\/\/wp.me\/P6KEQx-d","jetpack-related-posts":[{"id":10,"url":"https:\/\/homeinabowl.de\/?page_id=10","url_meta":{"origin":13,"position":0},"title":"Impressum","date":"September 18, 2015","format":false,"excerpt":"Home in a Bowl e.V. Blumenstra\u00dfe 15a 86152 Augsburg kontakt@homeinabowl.de Gemeinschaftlich vertretungsberechtigt: 1. Vorsitzende: Karin Wehle 2. Vorsitzende: Julia Kabatas 3. Vorsitzende: Tanja Blum Registergericht: Amtsgericht Augsburg Registernummer: VR 201908 V.i.S.d \u00a7 55 Abs. 2 RStV: Karin Wehle Blumenstr. 15a 86152 Augsburg","rel":"","context":"\u00c4hnlicher Beitrag","img":{"alt_text":"","src":"","width":0,"height":0},"classes":[]},{"id":7,"url":"https:\/\/homeinabowl.de\/?page_id=7","url_meta":{"origin":13,"position":1},"title":"Hey!","date":"September 18, 2015","format":false,"excerpt":"Wir sind Home in a Bowl e. V., ein gemeinn\u00fctziger Verein aus Augsburg. Seit Ende 2014 kochen wir mit unterschiedlichsten Menschen, die in Augsburg ihre Heimat gefunden haben. Wir durften seither viele Lieblingsgerichte, Kochgeschichten und wunderbare Menschen kennenlernen. Unser Ziel ist es, Menschen zu verbinden. Gerade in der heutigen Zeit\u2026","rel":"","context":"\u00c4hnlicher Beitrag","img":{"alt_text":"","src":"https:\/\/i1.wp.com\/homeinabowl.de\/wp-content\/uploads\/2024\/11\/turgay_zocken10.jpg?resize=350%2C200&ssl=1","width":350,"height":200},"classes":[]},{"id":319,"url":"https:\/\/homeinabowl.de\/?page_id=319","url_meta":{"origin":13,"position":2},"title":"Pressespiegel","date":"April 21, 2017","format":false,"excerpt":"Das sagt die Presse \u00fcber uns (eine Auswahl): \"Diese Geschichten machen mir noch deutlicher, wie wichtig und unterst\u00fctzenswert so positive, lebensfrohe Projekte wie Home in a Bowl sind. Essen ist Emotion, ist Zuhause und Familie und Rettung, und es macht uns empf\u00e4nglich f\u00fcr neue Erfahrungen, f\u00fcr Erz\u00e4hlungen von anderswo. Nach\u2026","rel":"","context":"\u00c4hnlicher Beitrag","img":{"alt_text":"","src":"","width":0,"height":0},"classes":[]},{"id":88,"url":"https:\/\/homeinabowl.de\/?page_id=88","url_meta":{"origin":13,"position":3},"title":"Bezugsquellen","date":"Dezember 1, 2015","format":false,"excerpt":"M\u00f6chtest du Band 2 unseres Kochbuchs direkt bei uns bestellen (Band 1 ist leider ausverkauft) ? Schick uns hierf\u00fcr bitte eine Mail an kontakt@homeinabowl.de mit der gew\u00fcnschten Anzahl und eurer Adresse. Du bekommst dann eine Antwort mit unserer Kontoverbindung. Wenn die \u00dcberweisung bei uns eingegangen ist, versenden wir die Bestellung\u2026","rel":"","context":"\u00c4hnlicher Beitrag","img":{"alt_text":"","src":"","width":0,"height":0},"classes":[]},{"id":453,"url":"https:\/\/homeinabowl.de\/?page_id=453","url_meta":{"origin":13,"position":4},"title":"\u00dcber Geschmack l\u00e4sst sich streiten","date":"April 16, 2021","format":false,"excerpt":"Ein Open-Air-Koch-Event im Rahmen des Friedensfestes der Stadt Augsburg 2017 Rosenkohl, K\u00fcmmel, Koriander, Mole oder Kutteln: in jeder Kultur gibt es Zutaten und Gerichte, die polarisieren und von den einen so leidenschaftlich gehasst werden, wie sie von den anderen geliebt und verteidigt werden. Gemeinsam haben wir umstrittene Gerichte aus aller\u2026","rel":"","context":"\u00c4hnlicher Beitrag","img":{"alt_text":"","src":"https:\/\/i2.wp.com\/homeinabowl.de\/wp-content\/uploads\/2021\/04\/DSC01862.jpg?resize=350%2C200&ssl=1","width":350,"height":200},"classes":[]},{"id":125,"url":"https:\/\/homeinabowl.de\/?page_id=125","url_meta":{"origin":13,"position":5},"title":"Die Idee","date":"Februar 9, 2016","format":false,"excerpt":"In Augsburg leben \u00fcber 40% Menschen mit Migrationshintergrund \u2013 die besten Voraussetzungen f\u00fcr unsere interkulturellen Kochb\u00fccher! Seit Ende 2014 kochen wir mit Menschen aus den unterschiedlichsten L\u00e4ndern, die in Augsburg ihre Heimat gefunden haben. Wir durften viele Lieblingsgerichte, Kochgeschichten und wunderbare Menschen kennenlernen.Unser Ziel ist es Menschen zu verbinden. Gerade\u2026","rel":"","context":"\u00c4hnlicher Beitrag","img":{"alt_text":"","src":"","width":0,"height":0},"classes":[]}],"jetpack_likes_enabled":true,"_links":{"self":[{"href":"https:\/\/homeinabowl.de\/index.php?rest_route=\/wp\/v2\/pages\/13"}],"collection":[{"href":"https:\/\/homeinabowl.de\/index.php?rest_route=\/wp\/v2\/pages"}],"about":[{"href":"https:\/\/homeinabowl.de\/index.php?rest_route=\/wp\/v2\/types\/page"}],"author":[{"embeddable":true,"href":"https:\/\/homeinabowl.de\/index.php?rest_route=\/wp\/v2\/users\/1"}],"replies":[{"embeddable":true,"href":"https:\/\/homeinabowl.de\/index.php?rest_route=%2Fwp%2Fv2%2Fcomments&post=13"}],"version-history":[{"count":20,"href":"https:\/\/homeinabowl.de\/index.php?rest_route=\/wp\/v2\/pages\/13\/revisions"}],"predecessor-version":[{"id":430,"href":"https:\/\/homeinabowl.de\/index.php?rest_route=\/wp\/v2\/pages\/13\/revisions\/430"}],"wp:attachment":[{"href":"https:\/\/homeinabowl.de\/index.php?rest_route=%2Fwp%2Fv2%2Fmedia&parent=13"}],"curies":[{"name":"wp","href":"https:\/\/api.w.org\/{rel}","templated":true}]}}