{"id":133,"date":"2016-02-09T20:03:53","date_gmt":"2016-02-09T20:03:53","guid":{"rendered":"http:\/\/homeinabowl.de\/?page_id=133"},"modified":"2016-02-09T20:18:20","modified_gmt":"2016-02-09T20:18:20","slug":"rezepte","status":"publish","type":"page","link":"https:\/\/homeinabowl.de\/?page_id=133","title":{"rendered":"Rezepte"},"content":{"rendered":"<div class=\"tiled-gallery type-rectangular tiled-gallery-unresized\" data-original-width=\"660\" data-carousel-extra='{&quot;blog_id&quot;:1,&quot;permalink&quot;:&quot;https:\\\/\\\/homeinabowl.de\\\/?page_id=133&quot;,&quot;likes_blog_id&quot;:99778121}' itemscope itemtype=\"http:\/\/schema.org\/ImageGallery\" > <div class=\"gallery-row\" style=\"width: 660px; height: 312px;\" data-original-width=\"660\" data-original-height=\"312\" > <div class=\"gallery-group images-1\" style=\"width: 441px; height: 312px;\" data-original-width=\"441\" data-original-height=\"312\" > <div class=\"tiled-gallery-item tiled-gallery-item-large\" itemprop=\"associatedMedia\" itemscope itemtype=\"http:\/\/schema.org\/ImageObject\"> <a href=\"https:\/\/homeinabowl.de\/?attachment_id=136\" border=\"0\" itemprop=\"url\"> <meta itemprop=\"width\" content=\"437\"> <meta itemprop=\"height\" content=\"308\"> <img data-attachment-id=\"136\" data-orig-file=\"https:\/\/homeinabowl.de\/wp-content\/uploads\/2016\/02\/kokosreis.png\" data-orig-size=\"1024,722\" data-comments-opened=\"1\" data-image-meta=\"{&quot;aperture&quot;:&quot;0&quot;,&quot;credit&quot;:&quot;&quot;,&quot;camera&quot;:&quot;&quot;,&quot;caption&quot;:&quot;&quot;,&quot;created_timestamp&quot;:&quot;0&quot;,&quot;copyright&quot;:&quot;&quot;,&quot;focal_length&quot;:&quot;0&quot;,&quot;iso&quot;:&quot;0&quot;,&quot;shutter_speed&quot;:&quot;0&quot;,&quot;title&quot;:&quot;&quot;,&quot;orientation&quot;:&quot;0&quot;}\" data-image-title=\"\" data-image-description=\"\" data-medium-file=\"https:\/\/i0.wp.com\/homeinabowl.de\/wp-content\/uploads\/2016\/02\/kokosreis.png?fit=300%2C212&#038;ssl=1\" data-large-file=\"https:\/\/i0.wp.com\/homeinabowl.de\/wp-content\/uploads\/2016\/02\/kokosreis.png?fit=660%2C465&#038;ssl=1\" src=\"https:\/\/i0.wp.com\/homeinabowl.de\/wp-content\/uploads\/2016\/02\/kokosreis.png?w=437&#038;h=308&#038;ssl=1\" width=\"437\" height=\"308\" data-original-width=\"437\" data-original-height=\"308\" itemprop=\"http:\/\/schema.org\/image\" title=\"\" alt=\"Gebratener Kokosreis von Anita\" style=\"width: 437px; height: 308px;\" \/> <\/a> <div class=\"tiled-gallery-caption\" itemprop=\"caption description\"> Gebratener Kokosreis von Anita <\/div> <\/div> <\/div> <!-- close group --> <div class=\"gallery-group images-2\" style=\"width: 219px; height: 312px;\" data-original-width=\"219\" data-original-height=\"312\" > <div class=\"tiled-gallery-item tiled-gallery-item-small\" itemprop=\"associatedMedia\" itemscope itemtype=\"http:\/\/schema.org\/ImageObject\"> <a href=\"https:\/\/homeinabowl.de\/?attachment_id=135\" border=\"0\" itemprop=\"url\"> <meta itemprop=\"width\" content=\"215\"> <meta itemprop=\"height\" content=\"152\"> <img data-attachment-id=\"135\" data-orig-file=\"https:\/\/homeinabowl.de\/wp-content\/uploads\/2016\/02\/hummus.png\" data-orig-size=\"1024,722\" data-comments-opened=\"1\" data-image-meta=\"{&quot;aperture&quot;:&quot;0&quot;,&quot;credit&quot;:&quot;&quot;,&quot;camera&quot;:&quot;&quot;,&quot;caption&quot;:&quot;&quot;,&quot;created_timestamp&quot;:&quot;0&quot;,&quot;copyright&quot;:&quot;&quot;,&quot;focal_length&quot;:&quot;0&quot;,&quot;iso&quot;:&quot;0&quot;,&quot;shutter_speed&quot;:&quot;0&quot;,&quot;title&quot;:&quot;&quot;,&quot;orientation&quot;:&quot;0&quot;}\" data-image-title=\"\" data-image-description=\"\" data-medium-file=\"https:\/\/i2.wp.com\/homeinabowl.de\/wp-content\/uploads\/2016\/02\/hummus.png?fit=300%2C212&#038;ssl=1\" data-large-file=\"https:\/\/i2.wp.com\/homeinabowl.de\/wp-content\/uploads\/2016\/02\/hummus.png?fit=660%2C465&#038;ssl=1\" src=\"https:\/\/i2.wp.com\/homeinabowl.de\/wp-content\/uploads\/2016\/02\/hummus.png?w=215&#038;h=152&#038;ssl=1\" width=\"215\" height=\"152\" data-original-width=\"215\" data-original-height=\"152\" itemprop=\"http:\/\/schema.org\/image\" title=\"\" alt=\"Hummus\" style=\"width: 215px; height: 152px;\" \/> <\/a> <div class=\"tiled-gallery-caption\" itemprop=\"caption description\"> Hummus <\/div> <\/div> <div class=\"tiled-gallery-item tiled-gallery-item-small\" itemprop=\"associatedMedia\" itemscope itemtype=\"http:\/\/schema.org\/ImageObject\"> <a href=\"https:\/\/homeinabowl.de\/?attachment_id=134\" border=\"0\" itemprop=\"url\"> <meta itemprop=\"width\" content=\"215\"> <meta itemprop=\"height\" content=\"152\"> <img data-attachment-id=\"134\" data-orig-file=\"https:\/\/homeinabowl.de\/wp-content\/uploads\/2016\/02\/bolognese.png\" data-orig-size=\"2480,1748\" data-comments-opened=\"1\" data-image-meta=\"{&quot;aperture&quot;:&quot;0&quot;,&quot;credit&quot;:&quot;&quot;,&quot;camera&quot;:&quot;&quot;,&quot;caption&quot;:&quot;&quot;,&quot;created_timestamp&quot;:&quot;0&quot;,&quot;copyright&quot;:&quot;&quot;,&quot;focal_length&quot;:&quot;0&quot;,&quot;iso&quot;:&quot;0&quot;,&quot;shutter_speed&quot;:&quot;0&quot;,&quot;title&quot;:&quot;&quot;,&quot;orientation&quot;:&quot;0&quot;}\" data-image-title=\"\" data-image-description=\"\" data-medium-file=\"https:\/\/i2.wp.com\/homeinabowl.de\/wp-content\/uploads\/2016\/02\/bolognese.png?fit=300%2C211&#038;ssl=1\" data-large-file=\"https:\/\/i2.wp.com\/homeinabowl.de\/wp-content\/uploads\/2016\/02\/bolognese.png?fit=660%2C465&#038;ssl=1\" src=\"https:\/\/i2.wp.com\/homeinabowl.de\/wp-content\/uploads\/2016\/02\/bolognese.png?w=215&#038;h=152&#038;ssl=1\" width=\"215\" height=\"152\" data-original-width=\"215\" data-original-height=\"152\" itemprop=\"http:\/\/schema.org\/image\" title=\"\" alt=\"Vegane Spaghetti Bolognese von Johanna &amp; Karin\" style=\"width: 215px; height: 152px;\" \/> <\/a> <div class=\"tiled-gallery-caption\" itemprop=\"caption description\"> Vegane Spaghetti Bolognese von Johanna &#038; Karin <\/div> <\/div> <\/div> <!-- close group --> <\/div> <!-- close row --> <\/div>\n","protected":false},"excerpt":{"rendered":"","protected":false},"author":3,"featured_media":0,"parent":0,"menu_order":0,"comment_status":"closed","ping_status":"closed","template":"","meta":{"spay_email":""},"jetpack_sharing_enabled":true,"jetpack_shortlink":"https:\/\/wp.me\/P6KEQx-29","jetpack-related-posts":[{"id":125,"url":"https:\/\/homeinabowl.de\/?page_id=125","url_meta":{"origin":133,"position":0},"title":"Die Idee","date":"Februar 9, 2016","format":false,"excerpt":"In Augsburg leben \u00fcber 40% Menschen mit Migrationshintergrund \u2013 die besten Voraussetzungen f\u00fcr unsere interkulturellen Kochb\u00fccher! Seit Ende 2014 kochen wir mit Menschen aus den unterschiedlichsten L\u00e4ndern, die in Augsburg ihre Heimat gefunden haben. Wir durften viele Lieblingsgerichte, Kochgeschichten und wunderbare Menschen kennenlernen.Unser Ziel ist es Menschen zu verbinden. Gerade\u2026","rel":"","context":"\u00c4hnlicher Beitrag","img":{"alt_text":"","src":"","width":0,"height":0},"classes":[]},{"id":65,"url":"https:\/\/homeinabowl.de\/?page_id=65","url_meta":{"origin":133,"position":1},"title":"interkultureller Einkaufsguide","date":"November 1, 2015","format":false,"excerpt":"Die meisten der Zutaten unserer Rezepte sind im mittelgro\u00dfen Supermarkt um die Ecke zu\u00a0finden. F\u00fcr Produkte wie Okraschoten, Kochbananen oder verschiedene Gew\u00fcrze muss man\u00a0sich aber vielleicht doch auf die spannende Suche nach asiatischen, osteurop\u00e4ischen oder\u00a0arabischen Superm\u00e4rkten begeben. Diese gibt es in kleinere oder gr\u00f6\u00dferer Anzahl in jeder\u00a0Stadt, wir haben hier\u2026","rel":"","context":"\u00c4hnlicher Beitrag","img":{"alt_text":"","src":"","width":0,"height":0},"classes":[]},{"id":319,"url":"https:\/\/homeinabowl.de\/?page_id=319","url_meta":{"origin":133,"position":2},"title":"Pressespiegel","date":"April 21, 2017","format":false,"excerpt":"Das sagt die Presse \u00fcber uns (eine Auswahl): \"Diese Geschichten machen mir noch deutlicher, wie wichtig und unterst\u00fctzenswert so positive, lebensfrohe Projekte wie Home in a Bowl sind. Essen ist Emotion, ist Zuhause und Familie und Rettung, und es macht uns empf\u00e4nglich f\u00fcr neue Erfahrungen, f\u00fcr Erz\u00e4hlungen von anderswo. Nach\u2026","rel":"","context":"\u00c4hnlicher Beitrag","img":{"alt_text":"","src":"","width":0,"height":0},"classes":[]}],"jetpack_likes_enabled":true,"_links":{"self":[{"href":"https:\/\/homeinabowl.de\/index.php?rest_route=\/wp\/v2\/pages\/133"}],"collection":[{"href":"https:\/\/homeinabowl.de\/index.php?rest_route=\/wp\/v2\/pages"}],"about":[{"href":"https:\/\/homeinabowl.de\/index.php?rest_route=\/wp\/v2\/types\/page"}],"author":[{"embeddable":true,"href":"https:\/\/homeinabowl.de\/index.php?rest_route=\/wp\/v2\/users\/3"}],"replies":[{"embeddable":true,"href":"https:\/\/homeinabowl.de\/index.php?rest_route=%2Fwp%2Fv2%2Fcomments&post=133"}],"version-history":[{"count":7,"href":"https:\/\/homeinabowl.de\/index.php?rest_route=\/wp\/v2\/pages\/133\/revisions"}],"predecessor-version":[{"id":145,"href":"https:\/\/homeinabowl.de\/index.php?rest_route=\/wp\/v2\/pages\/133\/revisions\/145"}],"wp:attachment":[{"href":"https:\/\/homeinabowl.de\/index.php?rest_route=%2Fwp%2Fv2%2Fmedia&parent=133"}],"curies":[{"name":"wp","href":"https:\/\/api.w.org\/{rel}","templated":true}]}}