{"id":420,"date":"2019-08-17T13:37:46","date_gmt":"2019-08-17T13:37:46","guid":{"rendered":"http:\/\/homeinabowl.de\/?page_id=420"},"modified":"2021-04-18T19:25:57","modified_gmt":"2021-04-18T19:25:57","slug":"mitglied-werden","status":"publish","type":"page","link":"https:\/\/homeinabowl.de\/?page_id=420","title":{"rendered":"Mitglied werden!?"},"content":{"rendered":"\n<p><strong>M\u00f6chtest du uns und unsere Projekte n\u00e4her kennenlernen und dir vielleicht gemeinsam mit uns neue Ideen ausdenken? Oder kochst du sehr gern und m\u00f6chtest unsere Veranstaltungen kulinarisch bereichern? Oder m\u00f6chtest du uns anderweitig unterst\u00fctzen?<\/strong> Dann schreib uns einfach eine Mail an kontakt@homeinabowl.de oder komm zu einem unserer Treffen vorbei!<\/p>\n\n\n\n<ul data-carousel-extra='{\"blog_id\":1,\"permalink\":\"https:\\\/\\\/homeinabowl.de\\\/?page_id=420\"}' class=\"wp-block-gallery columns-1 is-cropped\"><li class=\"blocks-gallery-item\"><figure><img data-attachment-id=\"390\" data-permalink=\"https:\/\/homeinabowl.de\/?attachment_id=390\" data-orig-file=\"https:\/\/i0.wp.com\/homeinabowl.de\/wp-content\/uploads\/2019\/07\/DSC01914-Kopie.jpg?fit=807%2C575&amp;ssl=1\" data-orig-size=\"807,575\" data-comments-opened=\"0\" data-image-meta=\"{&quot;aperture&quot;:&quot;2.8&quot;,&quot;credit&quot;:&quot;&quot;,&quot;camera&quot;:&quot;NEX-3N&quot;,&quot;caption&quot;:&quot;&quot;,&quot;created_timestamp&quot;:&quot;1501948721&quot;,&quot;copyright&quot;:&quot;&quot;,&quot;focal_length&quot;:&quot;50&quot;,&quot;iso&quot;:&quot;200&quot;,&quot;shutter_speed&quot;:&quot;0.001&quot;,&quot;title&quot;:&quot;&quot;,&quot;orientation&quot;:&quot;1&quot;}\" data-image-title=\"DSC01914-Kopie\" data-image-description=\"\" data-medium-file=\"https:\/\/i0.wp.com\/homeinabowl.de\/wp-content\/uploads\/2019\/07\/DSC01914-Kopie.jpg?fit=300%2C214&amp;ssl=1\" data-large-file=\"https:\/\/i0.wp.com\/homeinabowl.de\/wp-content\/uploads\/2019\/07\/DSC01914-Kopie.jpg?fit=660%2C470&amp;ssl=1\" loading=\"lazy\" width=\"660\" height=\"470\" src=\"https:\/\/i0.wp.com\/homeinabowl.de\/wp-content\/uploads\/2019\/07\/DSC01914-Kopie.jpg?resize=660%2C470\" alt=\"\" data-id=\"390\" data-link=\"http:\/\/homeinabowl.de\/?attachment_id=390\" class=\"wp-image-390\" srcset=\"https:\/\/i0.wp.com\/homeinabowl.de\/wp-content\/uploads\/2019\/07\/DSC01914-Kopie.jpg?w=807&amp;ssl=1 807w, https:\/\/i0.wp.com\/homeinabowl.de\/wp-content\/uploads\/2019\/07\/DSC01914-Kopie.jpg?resize=300%2C214&amp;ssl=1 300w, https:\/\/i0.wp.com\/homeinabowl.de\/wp-content\/uploads\/2019\/07\/DSC01914-Kopie.jpg?resize=768%2C547&amp;ssl=1 768w\" sizes=\"(max-width: 660px) 100vw, 660px\" data-recalc-dims=\"1\" \/><\/figure><\/li><\/ul>\n","protected":false},"excerpt":{"rendered":"<p>M\u00f6chtest du uns und unsere Projekte n\u00e4her kennenlernen und dir vielleicht gemeinsam mit uns neue Ideen ausdenken? Oder kochst du sehr gern und m\u00f6chtest unsere Veranstaltungen kulinarisch bereichern? Oder m\u00f6chtest du uns anderweitig unterst\u00fctzen? Dann&hellip; <a class=\"excerpt-more-link\" href=\"https:\/\/homeinabowl.de\/?page_id=420\">Read More<\/a><\/p>\n","protected":false},"author":3,"featured_media":0,"parent":0,"menu_order":0,"comment_status":"closed","ping_status":"closed","template":"","meta":{"spay_email":""},"jetpack_sharing_enabled":true,"jetpack_shortlink":"https:\/\/wp.me\/P6KEQx-6M","jetpack-related-posts":[{"id":88,"url":"https:\/\/homeinabowl.de\/?page_id=88","url_meta":{"origin":420,"position":0},"title":"Bezugsquellen","date":"Dezember 1, 2015","format":false,"excerpt":"M\u00f6chtest du Band 2 unseres Kochbuchs direkt bei uns bestellen (Band 1 ist leider ausverkauft) ? Schick uns hierf\u00fcr bitte eine Mail an kontakt@homeinabowl.de mit der gew\u00fcnschten Anzahl und eurer Adresse. Du bekommst dann eine Antwort mit unserer Kontoverbindung. Wenn die \u00dcberweisung bei uns eingegangen ist, versenden wir die Bestellung\u2026","rel":"","context":"\u00c4hnlicher Beitrag","img":{"alt_text":"","src":"","width":0,"height":0},"classes":[]},{"id":198,"url":"https:\/\/homeinabowl.de\/?page_id=198","url_meta":{"origin":420,"position":1},"title":"Datenschutzerkl\u00e4rung","date":"Mai 8, 2016","format":false,"excerpt":"Diese Datenschutzerkl\u00e4rung kl\u00e4rt Sie \u00fcber die Art, den Umfang und Zweck der Verarbeitung von personenbezogenen Daten (nachfolgend kurz \u201eDaten\u201c) innerhalb unseres Onlineangebotes und der mit ihm verbundenen Webseiten, Funktionen und Inhalte sowie externen Onlinepr\u00e4senzen, wie z.B. unser Social Media Profile auf (nachfolgend gemeinsam bezeichnet als \u201eOnlineangebot\u201c). Im Hinblick auf die\u2026","rel":"","context":"\u00c4hnlicher Beitrag","img":{"alt_text":"","src":"","width":0,"height":0},"classes":[]},{"id":319,"url":"https:\/\/homeinabowl.de\/?page_id=319","url_meta":{"origin":420,"position":2},"title":"Pressespiegel","date":"April 21, 2017","format":false,"excerpt":"Das sagt die Presse \u00fcber uns (eine Auswahl): \"Diese Geschichten machen mir noch deutlicher, wie wichtig und unterst\u00fctzenswert so positive, lebensfrohe Projekte wie Home in a Bowl sind. Essen ist Emotion, ist Zuhause und Familie und Rettung, und es macht uns empf\u00e4nglich f\u00fcr neue Erfahrungen, f\u00fcr Erz\u00e4hlungen von anderswo. Nach\u2026","rel":"","context":"\u00c4hnlicher Beitrag","img":{"alt_text":"","src":"","width":0,"height":0},"classes":[]},{"id":13,"url":"https:\/\/homeinabowl.de\/?page_id=13","url_meta":{"origin":420,"position":3},"title":"unser Verein","date":"September 18, 2015","format":false,"excerpt":"Im Oktober 2014 machten sich Johanna Wehle, Karin Wehle und Tanja Blum auf die spannende Reise durch die K\u00fcchen von Menschen aus den unterschiedlichsten L\u00e4ndern, die in Augsburg ihre Heimat gefunden haben. Sie wollten deren Lieblingsgerichte und die pers\u00f6nlichen Geschichten rund um die Gerichte kennenlernen, die dann im Herbst 2015\u2026","rel":"","context":"\u00c4hnlicher Beitrag","img":{"alt_text":"","src":"https:\/\/i2.wp.com\/homeinabowl.de\/wp-content\/uploads\/2019\/08\/DSC01307.jpg?resize=350%2C200&ssl=1","width":350,"height":200},"classes":[]},{"id":456,"url":"https:\/\/homeinabowl.de\/?page_id=456","url_meta":{"origin":420,"position":4},"title":"Markt der Utopien","date":"April 16, 2021","format":false,"excerpt":"Eine Performance F\u00fcr das Friedensfest der Stadt Augsburg 2018 er\u00f6ffneten wir den \"Markt der Utopien\" und stellten Lebensmittel vor, die von vielen Versprechen begleitet wurden. Superm\u00e4rkte verkaufen l\u00e4ngst nicht mehr nur Dinge - die Regale sind prall gef\u00fcllt mit Utopien. Die Heilsversprechen sind dabei so unterschiedlich wie zahlreich: Gl\u00fcckliche Tiere,\u2026","rel":"","context":"\u00c4hnlicher Beitrag","img":{"alt_text":"","src":"https:\/\/i2.wp.com\/homeinabowl.de\/wp-content\/uploads\/2021\/04\/Plakat-Crmbs-small-1-scaled.jpg?resize=350%2C200&ssl=1","width":350,"height":200},"classes":[]},{"id":450,"url":"https:\/\/homeinabowl.de\/?page_id=450","url_meta":{"origin":420,"position":5},"title":"Geschmacksfreiheit und Genussgrenzen","date":"April 16, 2021","format":false,"excerpt":"Eine interaktive Food-Performance bei der Langen Nacht der Freiheit der Stadt Augsburg 2017 Ein Aspekt von Freiheit ist, sich frei zu bewegen und frei zwischen verschiedenen M\u00f6glichkeiten w\u00e4hlen zu k\u00f6nnen. Aber diese Form der Freiheit ist stark an die Staatsb\u00fcrgerschaft gebunden, und damit vom Pass abh\u00e4ngig. Auch beim Essen ist\u2026","rel":"","context":"\u00c4hnlicher Beitrag","img":{"alt_text":"","src":"https:\/\/i2.wp.com\/homeinabowl.de\/wp-content\/uploads\/2021\/04\/DSC01767.jpg?resize=350%2C200&ssl=1","width":350,"height":200},"classes":[]}],"jetpack_likes_enabled":true,"_links":{"self":[{"href":"https:\/\/homeinabowl.de\/index.php?rest_route=\/wp\/v2\/pages\/420"}],"collection":[{"href":"https:\/\/homeinabowl.de\/index.php?rest_route=\/wp\/v2\/pages"}],"about":[{"href":"https:\/\/homeinabowl.de\/index.php?rest_route=\/wp\/v2\/types\/page"}],"author":[{"embeddable":true,"href":"https:\/\/homeinabowl.de\/index.php?rest_route=\/wp\/v2\/users\/3"}],"replies":[{"embeddable":true,"href":"https:\/\/homeinabowl.de\/index.php?rest_route=%2Fwp%2Fv2%2Fcomments&post=420"}],"version-history":[{"count":5,"href":"https:\/\/homeinabowl.de\/index.php?rest_route=\/wp\/v2\/pages\/420\/revisions"}],"predecessor-version":[{"id":555,"href":"https:\/\/homeinabowl.de\/index.php?rest_route=\/wp\/v2\/pages\/420\/revisions\/555"}],"wp:attachment":[{"href":"https:\/\/homeinabowl.de\/index.php?rest_route=%2Fwp%2Fv2%2Fmedia&parent=420"}],"curies":[{"name":"wp","href":"https:\/\/api.w.org\/{rel}","templated":true}]}}