{"id":444,"date":"2021-04-16T10:19:47","date_gmt":"2021-04-16T10:19:47","guid":{"rendered":"http:\/\/homeinabowl.de\/?page_id=444"},"modified":"2021-04-16T10:27:52","modified_gmt":"2021-04-16T10:27:52","slug":"projekte","status":"publish","type":"page","link":"https:\/\/homeinabowl.de\/?page_id=444","title":{"rendered":"Projekte"},"content":{"rendered":"\n<p>Hier stellen wir euch eine Auswahl unserer &#8222;Home in a Bowl&#8220;-Projekte der letzten Jahre vor.<\/p>\n","protected":false},"excerpt":{"rendered":"<p>Hier stellen wir euch eine Auswahl unserer &#8222;Home in a Bowl&#8220;-Projekte der letzten Jahre vor.<\/p>\n","protected":false},"author":3,"featured_media":0,"parent":0,"menu_order":0,"comment_status":"closed","ping_status":"closed","template":"","meta":{"spay_email":""},"jetpack_sharing_enabled":true,"jetpack_shortlink":"https:\/\/wp.me\/P6KEQx-7a","jetpack-related-posts":[{"id":319,"url":"https:\/\/homeinabowl.de\/?page_id=319","url_meta":{"origin":444,"position":0},"title":"Pressespiegel","date":"April 21, 2017","format":false,"excerpt":"Das sagt die Presse \u00fcber uns (eine Auswahl): \"Diese Geschichten machen mir noch deutlicher, wie wichtig und unterst\u00fctzenswert so positive, lebensfrohe Projekte wie Home in a Bowl sind. Essen ist Emotion, ist Zuhause und Familie und Rettung, und es macht uns empf\u00e4nglich f\u00fcr neue Erfahrungen, f\u00fcr Erz\u00e4hlungen von anderswo. Nach\u2026","rel":"","context":"\u00c4hnlicher Beitrag","img":{"alt_text":"","src":"","width":0,"height":0},"classes":[]},{"id":13,"url":"https:\/\/homeinabowl.de\/?page_id=13","url_meta":{"origin":444,"position":1},"title":"unser Verein","date":"September 18, 2015","format":false,"excerpt":"Im Oktober 2014 machten sich Johanna Wehle, Karin Wehle und Tanja Blum auf die spannende Reise durch die K\u00fcchen von Menschen aus den unterschiedlichsten L\u00e4ndern, die in Augsburg ihre Heimat gefunden haben. Sie wollten deren Lieblingsgerichte und die pers\u00f6nlichen Geschichten rund um die Gerichte kennenlernen, die dann im Herbst 2015\u2026","rel":"","context":"\u00c4hnlicher Beitrag","img":{"alt_text":"","src":"https:\/\/i2.wp.com\/homeinabowl.de\/wp-content\/uploads\/2019\/08\/DSC01307.jpg?resize=350%2C200&ssl=1","width":350,"height":200},"classes":[]},{"id":198,"url":"https:\/\/homeinabowl.de\/?page_id=198","url_meta":{"origin":444,"position":2},"title":"Datenschutzerkl\u00e4rung","date":"Mai 8, 2016","format":false,"excerpt":"Diese Datenschutzerkl\u00e4rung kl\u00e4rt Sie \u00fcber die Art, den Umfang und Zweck der Verarbeitung von personenbezogenen Daten (nachfolgend kurz \u201eDaten\u201c) innerhalb unseres Onlineangebotes und der mit ihm verbundenen Webseiten, Funktionen und Inhalte sowie externen Onlinepr\u00e4senzen, wie z.B. unser Social Media Profile auf (nachfolgend gemeinsam bezeichnet als \u201eOnlineangebot\u201c). Im Hinblick auf die\u2026","rel":"","context":"\u00c4hnlicher Beitrag","img":{"alt_text":"","src":"","width":0,"height":0},"classes":[]},{"id":420,"url":"https:\/\/homeinabowl.de\/?page_id=420","url_meta":{"origin":444,"position":3},"title":"Mitglied werden!?","date":"August 17, 2019","format":false,"excerpt":"M\u00f6chtest du uns und unsere Projekte n\u00e4her kennenlernen und dir vielleicht gemeinsam mit uns neue Ideen ausdenken? Oder kochst du sehr gern und m\u00f6chtest unsere Veranstaltungen kulinarisch bereichern? Oder m\u00f6chtest du uns anderweitig unterst\u00fctzen? Dann schreib uns einfach eine Mail an kontakt@homeinabowl.de oder komm zu einem unserer Treffen vorbei!","rel":"","context":"\u00c4hnlicher Beitrag","img":{"alt_text":"","src":"https:\/\/i0.wp.com\/homeinabowl.de\/wp-content\/uploads\/2019\/07\/DSC01914-Kopie.jpg?resize=350%2C200&ssl=1","width":350,"height":200},"classes":[]},{"id":65,"url":"https:\/\/homeinabowl.de\/?page_id=65","url_meta":{"origin":444,"position":4},"title":"interkultureller Einkaufsguide","date":"November 1, 2015","format":false,"excerpt":"Die meisten der Zutaten unserer Rezepte sind im mittelgro\u00dfen Supermarkt um die Ecke zu\u00a0finden. F\u00fcr Produkte wie Okraschoten, Kochbananen oder verschiedene Gew\u00fcrze muss man\u00a0sich aber vielleicht doch auf die spannende Suche nach asiatischen, osteurop\u00e4ischen oder\u00a0arabischen Superm\u00e4rkten begeben. Diese gibt es in kleinere oder gr\u00f6\u00dferer Anzahl in jeder\u00a0Stadt, wir haben hier\u2026","rel":"","context":"\u00c4hnlicher Beitrag","img":{"alt_text":"","src":"","width":0,"height":0},"classes":[]},{"id":456,"url":"https:\/\/homeinabowl.de\/?page_id=456","url_meta":{"origin":444,"position":5},"title":"Markt der Utopien","date":"April 16, 2021","format":false,"excerpt":"Eine Performance F\u00fcr das Friedensfest der Stadt Augsburg 2018 er\u00f6ffneten wir den \"Markt der Utopien\" und stellten Lebensmittel vor, die von vielen Versprechen begleitet wurden. Superm\u00e4rkte verkaufen l\u00e4ngst nicht mehr nur Dinge - die Regale sind prall gef\u00fcllt mit Utopien. Die Heilsversprechen sind dabei so unterschiedlich wie zahlreich: Gl\u00fcckliche Tiere,\u2026","rel":"","context":"\u00c4hnlicher Beitrag","img":{"alt_text":"","src":"https:\/\/i2.wp.com\/homeinabowl.de\/wp-content\/uploads\/2021\/04\/Plakat-Crmbs-small-1-scaled.jpg?resize=350%2C200&ssl=1","width":350,"height":200},"classes":[]}],"jetpack_likes_enabled":true,"_links":{"self":[{"href":"https:\/\/homeinabowl.de\/index.php?rest_route=\/wp\/v2\/pages\/444"}],"collection":[{"href":"https:\/\/homeinabowl.de\/index.php?rest_route=\/wp\/v2\/pages"}],"about":[{"href":"https:\/\/homeinabowl.de\/index.php?rest_route=\/wp\/v2\/types\/page"}],"author":[{"embeddable":true,"href":"https:\/\/homeinabowl.de\/index.php?rest_route=\/wp\/v2\/users\/3"}],"replies":[{"embeddable":true,"href":"https:\/\/homeinabowl.de\/index.php?rest_route=%2Fwp%2Fv2%2Fcomments&post=444"}],"version-history":[{"count":2,"href":"https:\/\/homeinabowl.de\/index.php?rest_route=\/wp\/v2\/pages\/444\/revisions"}],"predecessor-version":[{"id":462,"href":"https:\/\/homeinabowl.de\/index.php?rest_route=\/wp\/v2\/pages\/444\/revisions\/462"}],"wp:attachment":[{"href":"https:\/\/homeinabowl.de\/index.php?rest_route=%2Fwp%2Fv2%2Fmedia&parent=444"}],"curies":[{"name":"wp","href":"https:\/\/api.w.org\/{rel}","templated":true}]}}