{"id":456,"date":"2021-04-16T10:26:44","date_gmt":"2021-04-16T10:26:44","guid":{"rendered":"http:\/\/homeinabowl.de\/?page_id=456"},"modified":"2021-04-21T17:31:08","modified_gmt":"2021-04-21T17:31:08","slug":"markt-der-utopien","status":"publish","type":"page","link":"https:\/\/homeinabowl.de\/?page_id=456","title":{"rendered":"Markt der Utopien"},"content":{"rendered":"\n<p><strong>Eine Performance<\/strong><\/p>\n\n\n\n<p>F\u00fcr das Friedensfest der Stadt Augsburg 2018 er\u00f6ffneten wir den &#8222;Markt der Utopien&#8220; und stellten Lebensmittel vor, die von vielen Versprechen begleitet wurden.<\/p>\n\n\n\n<div data-carousel-extra='{\"blog_id\":1,\"permalink\":\"https:\\\/\\\/homeinabowl.de\\\/?page_id=456\"}' class=\"wp-block-jetpack-tiled-gallery aligncenter is-style-rectangular\"><div data-carousel-extra='{\"blog_id\":1,\"permalink\":\"https:\\\/\\\/homeinabowl.de\\\/?page_id=456\"}' class=\"tiled-gallery__gallery\"><div data-carousel-extra='{\"blog_id\":1,\"permalink\":\"https:\\\/\\\/homeinabowl.de\\\/?page_id=456\"}' class=\"tiled-gallery__row\"><div data-carousel-extra='{\"blog_id\":1,\"permalink\":\"https:\\\/\\\/homeinabowl.de\\\/?page_id=456\"}' class=\"tiled-gallery__col\" style=\"flex-basis:25.01996%\"><figure class=\"tiled-gallery__item\"><img data-attachment-id=\"563\" data-permalink=\"https:\/\/homeinabowl.de\/?attachment_id=563\" data-orig-file=\"https:\/\/i2.wp.com\/homeinabowl.de\/wp-content\/uploads\/2021\/04\/Plakat-Crmbs-small-1-scaled.jpg?fit=1811%2C2560&amp;ssl=1\" data-orig-size=\"1811,2560\" data-comments-opened=\"0\" data-image-meta=\"{&quot;aperture&quot;:&quot;0&quot;,&quot;credit&quot;:&quot;&quot;,&quot;camera&quot;:&quot;&quot;,&quot;caption&quot;:&quot;&quot;,&quot;created_timestamp&quot;:&quot;0&quot;,&quot;copyright&quot;:&quot;&quot;,&quot;focal_length&quot;:&quot;0&quot;,&quot;iso&quot;:&quot;0&quot;,&quot;shutter_speed&quot;:&quot;0&quot;,&quot;title&quot;:&quot;&quot;,&quot;orientation&quot;:&quot;0&quot;}\" data-image-title=\"Plakat-Crmbs-small-1\" data-image-description=\"\" data-medium-file=\"https:\/\/i2.wp.com\/homeinabowl.de\/wp-content\/uploads\/2021\/04\/Plakat-Crmbs-small-1-scaled.jpg?fit=212%2C300&amp;ssl=1\" data-large-file=\"https:\/\/i2.wp.com\/homeinabowl.de\/wp-content\/uploads\/2021\/04\/Plakat-Crmbs-small-1-scaled.jpg?fit=660%2C933&amp;ssl=1\" data-attachment-id=\"563\" data-permalink=\"https:\/\/homeinabowl.de\/?attachment_id=563\" data-orig-file=\"https:\/\/i2.wp.com\/homeinabowl.de\/wp-content\/uploads\/2021\/04\/Plakat-Crmbs-small-1-scaled.jpg?fit=1811%2C2560&amp;ssl=1\" data-orig-size=\"1811,2560\" data-comments-opened=\"0\" data-image-meta=\"{&quot;aperture&quot;:&quot;0&quot;,&quot;credit&quot;:&quot;&quot;,&quot;camera&quot;:&quot;&quot;,&quot;caption&quot;:&quot;&quot;,&quot;created_timestamp&quot;:&quot;0&quot;,&quot;copyright&quot;:&quot;&quot;,&quot;focal_length&quot;:&quot;0&quot;,&quot;iso&quot;:&quot;0&quot;,&quot;shutter_speed&quot;:&quot;0&quot;,&quot;title&quot;:&quot;&quot;,&quot;orientation&quot;:&quot;0&quot;}\" data-image-title=\"Plakat-Crmbs-small-1\" data-image-description=\"\" data-medium-file=\"https:\/\/i2.wp.com\/homeinabowl.de\/wp-content\/uploads\/2021\/04\/Plakat-Crmbs-small-1-scaled.jpg?fit=212%2C300&amp;ssl=1\" data-large-file=\"https:\/\/i2.wp.com\/homeinabowl.de\/wp-content\/uploads\/2021\/04\/Plakat-Crmbs-small-1-scaled.jpg?fit=660%2C933&amp;ssl=1\" srcset=\"https:\/\/i1.wp.com\/homeinabowl.de\/wp-content\/uploads\/2021\/04\/Plakat-Crmbs-small-1-scaled.jpg?strip=info&#038;w=600 600w,https:\/\/i1.wp.com\/homeinabowl.de\/wp-content\/uploads\/2021\/04\/Plakat-Crmbs-small-1-scaled.jpg?strip=info&#038;w=900 900w,https:\/\/i1.wp.com\/homeinabowl.de\/wp-content\/uploads\/2021\/04\/Plakat-Crmbs-small-1-scaled.jpg?strip=info&#038;w=1200 1200w,https:\/\/i1.wp.com\/homeinabowl.de\/wp-content\/uploads\/2021\/04\/Plakat-Crmbs-small-1-scaled.jpg?strip=info&#038;w=1500 1500w,https:\/\/i1.wp.com\/homeinabowl.de\/wp-content\/uploads\/2021\/04\/Plakat-Crmbs-small-1-scaled.jpg?strip=info&#038;w=1800 1800w,https:\/\/i1.wp.com\/homeinabowl.de\/wp-content\/uploads\/2021\/04\/Plakat-Crmbs-small-1-scaled.jpg?strip=info&#038;w=2000 2000w\" alt=\"\" data-height=\"2560\" data-id=\"563\" data-link=\"http:\/\/homeinabowl.de\/?attachment_id=563\" data-url=\"http:\/\/homeinabowl.de\/wp-content\/uploads\/2021\/04\/Plakat-Crmbs-small-1-scaled.jpg\" data-width=\"1811\" src=\"https:\/\/i1.wp.com\/homeinabowl.de\/wp-content\/uploads\/2021\/04\/Plakat-Crmbs-small-1-scaled.jpg\" data-amp-layout=\"responsive\"\/><\/figure><\/div><div data-carousel-extra='{\"blog_id\":1,\"permalink\":\"https:\\\/\\\/homeinabowl.de\\\/?page_id=456\"}' class=\"tiled-gallery__col\" style=\"flex-basis:24.99335%\"><figure class=\"tiled-gallery__item\"><img data-attachment-id=\"564\" data-permalink=\"https:\/\/homeinabowl.de\/?attachment_id=564\" data-orig-file=\"https:\/\/i2.wp.com\/homeinabowl.de\/wp-content\/uploads\/2021\/04\/Plakat-Spaetzle-small-1.jpg?fit=848%2C1200&amp;ssl=1\" data-orig-size=\"848,1200\" data-comments-opened=\"0\" data-image-meta=\"{&quot;aperture&quot;:&quot;0&quot;,&quot;credit&quot;:&quot;&quot;,&quot;camera&quot;:&quot;&quot;,&quot;caption&quot;:&quot;&quot;,&quot;created_timestamp&quot;:&quot;0&quot;,&quot;copyright&quot;:&quot;&quot;,&quot;focal_length&quot;:&quot;0&quot;,&quot;iso&quot;:&quot;0&quot;,&quot;shutter_speed&quot;:&quot;0&quot;,&quot;title&quot;:&quot;&quot;,&quot;orientation&quot;:&quot;0&quot;}\" data-image-title=\"Plakat-Spaetzle-small-1\" data-image-description=\"\" data-medium-file=\"https:\/\/i2.wp.com\/homeinabowl.de\/wp-content\/uploads\/2021\/04\/Plakat-Spaetzle-small-1.jpg?fit=212%2C300&amp;ssl=1\" data-large-file=\"https:\/\/i2.wp.com\/homeinabowl.de\/wp-content\/uploads\/2021\/04\/Plakat-Spaetzle-small-1.jpg?fit=660%2C933&amp;ssl=1\" data-attachment-id=\"564\" data-permalink=\"https:\/\/homeinabowl.de\/?attachment_id=564\" data-orig-file=\"https:\/\/i2.wp.com\/homeinabowl.de\/wp-content\/uploads\/2021\/04\/Plakat-Spaetzle-small-1.jpg?fit=848%2C1200&amp;ssl=1\" data-orig-size=\"848,1200\" data-comments-opened=\"0\" data-image-meta=\"{&quot;aperture&quot;:&quot;0&quot;,&quot;credit&quot;:&quot;&quot;,&quot;camera&quot;:&quot;&quot;,&quot;caption&quot;:&quot;&quot;,&quot;created_timestamp&quot;:&quot;0&quot;,&quot;copyright&quot;:&quot;&quot;,&quot;focal_length&quot;:&quot;0&quot;,&quot;iso&quot;:&quot;0&quot;,&quot;shutter_speed&quot;:&quot;0&quot;,&quot;title&quot;:&quot;&quot;,&quot;orientation&quot;:&quot;0&quot;}\" data-image-title=\"Plakat-Spaetzle-small-1\" data-image-description=\"\" data-medium-file=\"https:\/\/i2.wp.com\/homeinabowl.de\/wp-content\/uploads\/2021\/04\/Plakat-Spaetzle-small-1.jpg?fit=212%2C300&amp;ssl=1\" data-large-file=\"https:\/\/i2.wp.com\/homeinabowl.de\/wp-content\/uploads\/2021\/04\/Plakat-Spaetzle-small-1.jpg?fit=660%2C933&amp;ssl=1\" srcset=\"https:\/\/i2.wp.com\/homeinabowl.de\/wp-content\/uploads\/2021\/04\/Plakat-Spaetzle-small-1.jpg?strip=info&#038;w=600 600w,https:\/\/i2.wp.com\/homeinabowl.de\/wp-content\/uploads\/2021\/04\/Plakat-Spaetzle-small-1.jpg?strip=info&#038;w=900 900w,https:\/\/i2.wp.com\/homeinabowl.de\/wp-content\/uploads\/2021\/04\/Plakat-Spaetzle-small-1.jpg?strip=info&#038;w=1200 1200w\" alt=\"\" data-height=\"1200\" data-id=\"564\" data-link=\"http:\/\/homeinabowl.de\/?attachment_id=564\" data-url=\"http:\/\/homeinabowl.de\/wp-content\/uploads\/2021\/04\/Plakat-Spaetzle-small-1.jpg\" data-width=\"848\" src=\"https:\/\/i2.wp.com\/homeinabowl.de\/wp-content\/uploads\/2021\/04\/Plakat-Spaetzle-small-1.jpg\" data-amp-layout=\"responsive\"\/><\/figure><\/div><div data-carousel-extra='{\"blog_id\":1,\"permalink\":\"https:\\\/\\\/homeinabowl.de\\\/?page_id=456\"}' class=\"tiled-gallery__col\" style=\"flex-basis:24.99335%\"><figure class=\"tiled-gallery__item\"><img data-attachment-id=\"565\" data-permalink=\"https:\/\/homeinabowl.de\/?attachment_id=565\" data-orig-file=\"https:\/\/i2.wp.com\/homeinabowl.de\/wp-content\/uploads\/2021\/04\/Plakat-Spoon-small-1.jpg?fit=848%2C1200&amp;ssl=1\" data-orig-size=\"848,1200\" data-comments-opened=\"0\" data-image-meta=\"{&quot;aperture&quot;:&quot;0&quot;,&quot;credit&quot;:&quot;&quot;,&quot;camera&quot;:&quot;&quot;,&quot;caption&quot;:&quot;&quot;,&quot;created_timestamp&quot;:&quot;0&quot;,&quot;copyright&quot;:&quot;&quot;,&quot;focal_length&quot;:&quot;0&quot;,&quot;iso&quot;:&quot;0&quot;,&quot;shutter_speed&quot;:&quot;0&quot;,&quot;title&quot;:&quot;&quot;,&quot;orientation&quot;:&quot;0&quot;}\" data-image-title=\"Plakat-Spoon-small-1\" data-image-description=\"\" data-medium-file=\"https:\/\/i2.wp.com\/homeinabowl.de\/wp-content\/uploads\/2021\/04\/Plakat-Spoon-small-1.jpg?fit=212%2C300&amp;ssl=1\" data-large-file=\"https:\/\/i2.wp.com\/homeinabowl.de\/wp-content\/uploads\/2021\/04\/Plakat-Spoon-small-1.jpg?fit=660%2C933&amp;ssl=1\" data-attachment-id=\"565\" data-permalink=\"https:\/\/homeinabowl.de\/?attachment_id=565\" data-orig-file=\"https:\/\/i2.wp.com\/homeinabowl.de\/wp-content\/uploads\/2021\/04\/Plakat-Spoon-small-1.jpg?fit=848%2C1200&amp;ssl=1\" data-orig-size=\"848,1200\" data-comments-opened=\"0\" data-image-meta=\"{&quot;aperture&quot;:&quot;0&quot;,&quot;credit&quot;:&quot;&quot;,&quot;camera&quot;:&quot;&quot;,&quot;caption&quot;:&quot;&quot;,&quot;created_timestamp&quot;:&quot;0&quot;,&quot;copyright&quot;:&quot;&quot;,&quot;focal_length&quot;:&quot;0&quot;,&quot;iso&quot;:&quot;0&quot;,&quot;shutter_speed&quot;:&quot;0&quot;,&quot;title&quot;:&quot;&quot;,&quot;orientation&quot;:&quot;0&quot;}\" data-image-title=\"Plakat-Spoon-small-1\" data-image-description=\"\" data-medium-file=\"https:\/\/i2.wp.com\/homeinabowl.de\/wp-content\/uploads\/2021\/04\/Plakat-Spoon-small-1.jpg?fit=212%2C300&amp;ssl=1\" data-large-file=\"https:\/\/i2.wp.com\/homeinabowl.de\/wp-content\/uploads\/2021\/04\/Plakat-Spoon-small-1.jpg?fit=660%2C933&amp;ssl=1\" srcset=\"https:\/\/i2.wp.com\/homeinabowl.de\/wp-content\/uploads\/2021\/04\/Plakat-Spoon-small-1.jpg?strip=info&#038;w=600 600w,https:\/\/i2.wp.com\/homeinabowl.de\/wp-content\/uploads\/2021\/04\/Plakat-Spoon-small-1.jpg?strip=info&#038;w=900 900w,https:\/\/i2.wp.com\/homeinabowl.de\/wp-content\/uploads\/2021\/04\/Plakat-Spoon-small-1.jpg?strip=info&#038;w=1200 1200w\" alt=\"\" data-height=\"1200\" data-id=\"565\" data-link=\"http:\/\/homeinabowl.de\/?attachment_id=565\" data-url=\"http:\/\/homeinabowl.de\/wp-content\/uploads\/2021\/04\/Plakat-Spoon-small-1.jpg\" data-width=\"848\" src=\"https:\/\/i2.wp.com\/homeinabowl.de\/wp-content\/uploads\/2021\/04\/Plakat-Spoon-small-1.jpg\" data-amp-layout=\"responsive\"\/><\/figure><\/div><div data-carousel-extra='{\"blog_id\":1,\"permalink\":\"https:\\\/\\\/homeinabowl.de\\\/?page_id=456\"}' class=\"tiled-gallery__col\" style=\"flex-basis:24.99335%\"><figure class=\"tiled-gallery__item\"><img data-attachment-id=\"566\" data-permalink=\"https:\/\/homeinabowl.de\/?attachment_id=566\" data-orig-file=\"https:\/\/i1.wp.com\/homeinabowl.de\/wp-content\/uploads\/2021\/04\/Plakat-Watr-small-1.jpg?fit=848%2C1200&amp;ssl=1\" data-orig-size=\"848,1200\" data-comments-opened=\"0\" data-image-meta=\"{&quot;aperture&quot;:&quot;0&quot;,&quot;credit&quot;:&quot;&quot;,&quot;camera&quot;:&quot;&quot;,&quot;caption&quot;:&quot;&quot;,&quot;created_timestamp&quot;:&quot;0&quot;,&quot;copyright&quot;:&quot;&quot;,&quot;focal_length&quot;:&quot;0&quot;,&quot;iso&quot;:&quot;0&quot;,&quot;shutter_speed&quot;:&quot;0&quot;,&quot;title&quot;:&quot;&quot;,&quot;orientation&quot;:&quot;0&quot;}\" data-image-title=\"Plakat-Watr-small-1\" data-image-description=\"\" data-medium-file=\"https:\/\/i1.wp.com\/homeinabowl.de\/wp-content\/uploads\/2021\/04\/Plakat-Watr-small-1.jpg?fit=212%2C300&amp;ssl=1\" data-large-file=\"https:\/\/i1.wp.com\/homeinabowl.de\/wp-content\/uploads\/2021\/04\/Plakat-Watr-small-1.jpg?fit=660%2C933&amp;ssl=1\" data-attachment-id=\"566\" data-permalink=\"https:\/\/homeinabowl.de\/?attachment_id=566\" data-orig-file=\"https:\/\/i1.wp.com\/homeinabowl.de\/wp-content\/uploads\/2021\/04\/Plakat-Watr-small-1.jpg?fit=848%2C1200&amp;ssl=1\" data-orig-size=\"848,1200\" data-comments-opened=\"0\" data-image-meta=\"{&quot;aperture&quot;:&quot;0&quot;,&quot;credit&quot;:&quot;&quot;,&quot;camera&quot;:&quot;&quot;,&quot;caption&quot;:&quot;&quot;,&quot;created_timestamp&quot;:&quot;0&quot;,&quot;copyright&quot;:&quot;&quot;,&quot;focal_length&quot;:&quot;0&quot;,&quot;iso&quot;:&quot;0&quot;,&quot;shutter_speed&quot;:&quot;0&quot;,&quot;title&quot;:&quot;&quot;,&quot;orientation&quot;:&quot;0&quot;}\" data-image-title=\"Plakat-Watr-small-1\" data-image-description=\"\" data-medium-file=\"https:\/\/i1.wp.com\/homeinabowl.de\/wp-content\/uploads\/2021\/04\/Plakat-Watr-small-1.jpg?fit=212%2C300&amp;ssl=1\" data-large-file=\"https:\/\/i1.wp.com\/homeinabowl.de\/wp-content\/uploads\/2021\/04\/Plakat-Watr-small-1.jpg?fit=660%2C933&amp;ssl=1\" srcset=\"https:\/\/i1.wp.com\/homeinabowl.de\/wp-content\/uploads\/2021\/04\/Plakat-Watr-small-1.jpg?strip=info&#038;w=600 600w,https:\/\/i1.wp.com\/homeinabowl.de\/wp-content\/uploads\/2021\/04\/Plakat-Watr-small-1.jpg?strip=info&#038;w=900 900w,https:\/\/i1.wp.com\/homeinabowl.de\/wp-content\/uploads\/2021\/04\/Plakat-Watr-small-1.jpg?strip=info&#038;w=1200 1200w\" alt=\"\" data-height=\"1200\" data-id=\"566\" data-link=\"http:\/\/homeinabowl.de\/?attachment_id=566\" data-url=\"http:\/\/homeinabowl.de\/wp-content\/uploads\/2021\/04\/Plakat-Watr-small-1.jpg\" data-width=\"848\" src=\"https:\/\/i1.wp.com\/homeinabowl.de\/wp-content\/uploads\/2021\/04\/Plakat-Watr-small-1.jpg\" data-amp-layout=\"responsive\"\/><\/figure><\/div><\/div><\/div><\/div>\n\n\n\n<p>Superm\u00e4rkte verkaufen l\u00e4ngst nicht mehr nur Dinge &#8211; die Regale sind prall gef\u00fcllt mit Utopien. Die Heilsversprechen sind dabei so unterschiedlich wie zahlreich: Gl\u00fcckliche Tiere, intakte Regenw\u00e4lder, faire Produktionsbedingungen \u2026<\/p>\n\n\n\n<figure class=\"wp-block-embed is-type-video is-provider-vimeo wp-block-embed-vimeo wp-embed-aspect-16-9 wp-has-aspect-ratio\"><div data-carousel-extra='{\"blog_id\":1,\"permalink\":\"https:\\\/\\\/homeinabowl.de\\\/?page_id=456\"}' class=\"wp-block-embed__wrapper\">\n<div class=\"embed-vimeo\" style=\"text-align: center;\"><iframe loading=\"lazy\" src=\"https:\/\/player.vimeo.com\/video\/281756119\" width=\"660\" height=\"371\" frameborder=\"0\" webkitallowfullscreen mozallowfullscreen allowfullscreen><\/iframe><\/div>\n<\/div><\/figure>\n\n\n\n<p>Was sie verbindet, ist unser Streben, mit unserem Konsum die Welt besser zu machen. Das ist ein hehres Ziel! Aber ist ethischer Konsum \u00fcberhaupt m\u00f6glich? Was ist eigentlich wichtiger? Dass die Nougatcreme beim Fr\u00fchst\u00fcck vegan ist, oder dass sie kein Palm\u00f6l enth\u00e4lt? Ist \u201crichtiger&#8220; Konsum \u00fcberhaupt ein probates Mittel, gegen Missst\u00e4nde vorzugehen? Interessieren uns die N\u00f6te der Menschen, die ihren Lebensunterhalt mit dem Anbau von \u00d6lpalmen bestreiten?<\/p>\n\n\n\n<figure class=\"wp-block-embed is-type-video is-provider-vimeo wp-block-embed-vimeo wp-embed-aspect-16-9 wp-has-aspect-ratio\"><div data-carousel-extra='{\"blog_id\":1,\"permalink\":\"https:\\\/\\\/homeinabowl.de\\\/?page_id=456\"}' class=\"wp-block-embed__wrapper\">\n<div class=\"embed-vimeo\" style=\"text-align: center;\"><iframe loading=\"lazy\" src=\"https:\/\/player.vimeo.com\/video\/281163561\" width=\"660\" height=\"371\" frameborder=\"0\" webkitallowfullscreen mozallowfullscreen allowfullscreen><\/iframe><\/div>\n<\/div><\/figure>\n\n\n\n<p>Worauf gr\u00fcndet eigentlich unser Anspruch, Produkte zu konsumieren, die in unseren Breitengraden schlicht nicht wachsen? Und ist man im Alltag \u00fcberhaupt in der Lage, all die komplexen Zusammenh\u00e4nge zu ber\u00fccksichtigen, um ein Produkt nach seinen ethischen und \u00f6kologischen Ma\u00dfst\u00e4ben beurteilen zu k\u00f6nnen? \u00c4pfel aus Neuseeland k\u00f6nnen eine bessere CO2-Bilanz aufweisen als solche vom Bodensee.<\/p>\n\n\n\n<p>Und was bringt die ganze C02-Ersparnis, wenn wir dann doch in den Urlaub fliegen? Wir sind in der sehr komfortablen Lage, uns diese Fragen zu stellen. Dass die Antworten unangenehm sein k\u00f6nnen, weil es doch viel angenehmer w\u00e4re, \u201cgute\u201c Produkte zu konsumieren, statt Komfort einzub\u00fc\u00dfen, das ist ein kleiner Preis. Wir sollten ihn bezahlen. Alles richtig machen k\u00f6nnen wir nicht. Das w\u00e4re auch utopisch. Aber wir sollten es<br>ernsthaft versuchen. Das w\u00e4re ein Anfang.<\/p>\n\n\n\n<figure class=\"wp-block-image\"><img data-attachment-id=\"526\" data-permalink=\"https:\/\/homeinabowl.de\/?attachment_id=526\" data-orig-file=\"https:\/\/i0.wp.com\/homeinabowl.de\/wp-content\/uploads\/2021\/04\/logo-e1618771177119.png?fit=400%2C400&amp;ssl=1\" data-orig-size=\"400,400\" data-comments-opened=\"0\" data-image-meta=\"{&quot;aperture&quot;:&quot;0&quot;,&quot;credit&quot;:&quot;&quot;,&quot;camera&quot;:&quot;&quot;,&quot;caption&quot;:&quot;&quot;,&quot;created_timestamp&quot;:&quot;0&quot;,&quot;copyright&quot;:&quot;&quot;,&quot;focal_length&quot;:&quot;0&quot;,&quot;iso&quot;:&quot;0&quot;,&quot;shutter_speed&quot;:&quot;0&quot;,&quot;title&quot;:&quot;&quot;,&quot;orientation&quot;:&quot;0&quot;}\" data-image-title=\"logo\" data-image-description=\"\" data-medium-file=\"https:\/\/i0.wp.com\/homeinabowl.de\/wp-content\/uploads\/2021\/04\/logo-e1618771177119.png?fit=300%2C300&amp;ssl=1\" data-large-file=\"https:\/\/i0.wp.com\/homeinabowl.de\/wp-content\/uploads\/2021\/04\/logo-e1618771177119.png?fit=400%2C400&amp;ssl=1\" src=\"https:\/\/i2.wp.com\/homeinabowl.de\/wp-content\/uploads\/2021\/04\/logo.png?w=660\" alt=\"\" class=\"wp-image-526\" data-recalc-dims=\"1\"\/><\/figure>\n\n\n\n<figure class=\"wp-block-gallery columns-0 is-cropped\"><ul data-carousel-extra='{\"blog_id\":1,\"permalink\":\"https:\\\/\\\/homeinabowl.de\\\/?page_id=456\"}' class=\"blocks-gallery-grid\"><\/ul><\/figure>\n","protected":false},"excerpt":{"rendered":"<p>Eine Performance F\u00fcr das Friedensfest der Stadt Augsburg 2018 er\u00f6ffneten wir den &#8222;Markt der Utopien&#8220; und stellten Lebensmittel vor, die von vielen Versprechen begleitet wurden. Superm\u00e4rkte verkaufen l\u00e4ngst nicht mehr nur Dinge &#8211; die Regale&hellip; <a class=\"excerpt-more-link\" href=\"https:\/\/homeinabowl.de\/?page_id=456\">Read More<\/a><\/p>\n","protected":false},"author":3,"featured_media":0,"parent":0,"menu_order":0,"comment_status":"closed","ping_status":"closed","template":"","meta":{"spay_email":""},"jetpack_sharing_enabled":true,"jetpack_shortlink":"https:\/\/wp.me\/P6KEQx-7m","jetpack-related-posts":[{"id":65,"url":"https:\/\/homeinabowl.de\/?page_id=65","url_meta":{"origin":456,"position":0},"title":"interkultureller Einkaufsguide","date":"November 1, 2015","format":false,"excerpt":"Die meisten der Zutaten unserer Rezepte sind im mittelgro\u00dfen Supermarkt um die Ecke zu\u00a0finden. F\u00fcr Produkte wie Okraschoten, Kochbananen oder verschiedene Gew\u00fcrze muss man\u00a0sich aber vielleicht doch auf die spannende Suche nach asiatischen, osteurop\u00e4ischen oder\u00a0arabischen Superm\u00e4rkten begeben. Diese gibt es in kleinere oder gr\u00f6\u00dferer Anzahl in jeder\u00a0Stadt, wir haben hier\u2026","rel":"","context":"\u00c4hnlicher Beitrag","img":{"alt_text":"","src":"","width":0,"height":0},"classes":[]}],"jetpack_likes_enabled":true,"_links":{"self":[{"href":"https:\/\/homeinabowl.de\/index.php?rest_route=\/wp\/v2\/pages\/456"}],"collection":[{"href":"https:\/\/homeinabowl.de\/index.php?rest_route=\/wp\/v2\/pages"}],"about":[{"href":"https:\/\/homeinabowl.de\/index.php?rest_route=\/wp\/v2\/types\/page"}],"author":[{"embeddable":true,"href":"https:\/\/homeinabowl.de\/index.php?rest_route=\/wp\/v2\/users\/3"}],"replies":[{"embeddable":true,"href":"https:\/\/homeinabowl.de\/index.php?rest_route=%2Fwp%2Fv2%2Fcomments&post=456"}],"version-history":[{"count":9,"href":"https:\/\/homeinabowl.de\/index.php?rest_route=\/wp\/v2\/pages\/456\/revisions"}],"predecessor-version":[{"id":567,"href":"https:\/\/homeinabowl.de\/index.php?rest_route=\/wp\/v2\/pages\/456\/revisions\/567"}],"wp:attachment":[{"href":"https:\/\/homeinabowl.de\/index.php?rest_route=%2Fwp%2Fv2%2Fmedia&parent=456"}],"curies":[{"name":"wp","href":"https:\/\/api.w.org\/{rel}","templated":true}]}}