{"id":7,"date":"2015-09-18T06:33:14","date_gmt":"2015-09-18T06:33:14","guid":{"rendered":"http:\/\/homeinabowl.de\/?page_id=7"},"modified":"2024-11-20T14:20:21","modified_gmt":"2024-11-20T14:20:21","slug":"hey","status":"publish","type":"page","link":"https:\/\/homeinabowl.de\/?page_id=7","title":{"rendered":"Hey!"},"content":{"rendered":"\n<p>Wir sind Home in a Bowl e. V., ein gemeinn\u00fctziger Verein aus Augsburg.<\/p>\n\n\n\n<p>Seit Ende 2014 kochen wir mit unterschiedlichsten Menschen, die in Augsburg ihre Heimat gefunden haben. Wir durften seither viele Lieblingsgerichte, Kochgeschichten und wunderbare Menschen kennenlernen.<\/p>\n\n\n\n<p>Unser Ziel ist es, Menschen zu verbinden. Gerade in der heutigen Zeit ist es wichtig zu begreifen, dass wir alle \u00e4hnlich sind, dass jeder Mensch ein Recht auf ein sicheres und erf\u00fclltes Leben hat und klar Stellung daf\u00fcr zu beziehen. Mit unseren Kochb\u00fcchern und unseren weiteren kulinarischen Projekten m\u00f6chten wir deutlich machen, wie wertvoll eine vielf\u00e4ltige Gesellschaft ist.<\/p>\n\n\n\n<figure class=\"wp-block-image size-large\"><img data-attachment-id=\"571\" data-permalink=\"https:\/\/homeinabowl.de\/?attachment_id=571\" data-orig-file=\"https:\/\/i1.wp.com\/homeinabowl.de\/wp-content\/uploads\/2024\/11\/turgay_zocken10.jpg?fit=1600%2C1200&amp;ssl=1\" data-orig-size=\"1600,1200\" data-comments-opened=\"0\" data-image-meta=\"{&quot;aperture&quot;:&quot;0&quot;,&quot;credit&quot;:&quot;&quot;,&quot;camera&quot;:&quot;&quot;,&quot;caption&quot;:&quot;&quot;,&quot;created_timestamp&quot;:&quot;0&quot;,&quot;copyright&quot;:&quot;&quot;,&quot;focal_length&quot;:&quot;0&quot;,&quot;iso&quot;:&quot;0&quot;,&quot;shutter_speed&quot;:&quot;0&quot;,&quot;title&quot;:&quot;&quot;,&quot;orientation&quot;:&quot;0&quot;}\" data-image-title=\"turgay_zocken10\" data-image-description=\"\" data-medium-file=\"https:\/\/i1.wp.com\/homeinabowl.de\/wp-content\/uploads\/2024\/11\/turgay_zocken10.jpg?fit=300%2C225&amp;ssl=1\" data-large-file=\"https:\/\/i1.wp.com\/homeinabowl.de\/wp-content\/uploads\/2024\/11\/turgay_zocken10.jpg?fit=660%2C495&amp;ssl=1\" loading=\"lazy\" width=\"660\" height=\"495\" src=\"https:\/\/i1.wp.com\/homeinabowl.de\/wp-content\/uploads\/2024\/11\/turgay_zocken10.jpg?resize=660%2C495\" alt=\"\" class=\"wp-image-571\" srcset=\"https:\/\/i1.wp.com\/homeinabowl.de\/wp-content\/uploads\/2024\/11\/turgay_zocken10.jpg?resize=1024%2C768&amp;ssl=1 1024w, https:\/\/i1.wp.com\/homeinabowl.de\/wp-content\/uploads\/2024\/11\/turgay_zocken10.jpg?resize=300%2C225&amp;ssl=1 300w, https:\/\/i1.wp.com\/homeinabowl.de\/wp-content\/uploads\/2024\/11\/turgay_zocken10.jpg?resize=768%2C576&amp;ssl=1 768w, https:\/\/i1.wp.com\/homeinabowl.de\/wp-content\/uploads\/2024\/11\/turgay_zocken10.jpg?resize=1536%2C1152&amp;ssl=1 1536w, https:\/\/i1.wp.com\/homeinabowl.de\/wp-content\/uploads\/2024\/11\/turgay_zocken10.jpg?resize=1000%2C750&amp;ssl=1 1000w, https:\/\/i1.wp.com\/homeinabowl.de\/wp-content\/uploads\/2024\/11\/turgay_zocken10.jpg?w=1600&amp;ssl=1 1600w, https:\/\/i1.wp.com\/homeinabowl.de\/wp-content\/uploads\/2024\/11\/turgay_zocken10.jpg?w=1320 1320w\" sizes=\"(max-width: 660px) 100vw, 660px\" data-recalc-dims=\"1\" \/><\/figure>\n","protected":false},"excerpt":{"rendered":"<p>Wir sind Home in a Bowl e. V., ein gemeinn\u00fctziger Verein aus Augsburg. Seit Ende 2014 kochen wir mit unterschiedlichsten Menschen, die in Augsburg ihre Heimat gefunden haben. Wir durften seither viele Lieblingsgerichte, Kochgeschichten und&hellip; <a class=\"excerpt-more-link\" href=\"https:\/\/homeinabowl.de\/?page_id=7\">Read More<\/a><\/p>\n","protected":false},"author":1,"featured_media":0,"parent":0,"menu_order":0,"comment_status":"closed","ping_status":"closed","template":"","meta":{"spay_email":""},"jetpack_sharing_enabled":false,"jetpack_shortlink":"https:\/\/wp.me\/P6KEQx-7","jetpack-related-posts":[{"id":125,"url":"https:\/\/homeinabowl.de\/?page_id=125","url_meta":{"origin":7,"position":0},"title":"Die Idee","date":"Februar 9, 2016","format":false,"excerpt":"In Augsburg leben \u00fcber 40% Menschen mit Migrationshintergrund \u2013 die besten Voraussetzungen f\u00fcr unsere interkulturellen Kochb\u00fccher! Seit Ende 2014 kochen wir mit Menschen aus den unterschiedlichsten L\u00e4ndern, die in Augsburg ihre Heimat gefunden haben. Wir durften viele Lieblingsgerichte, Kochgeschichten und wunderbare Menschen kennenlernen.Unser Ziel ist es Menschen zu verbinden. Gerade\u2026","rel":"","context":"\u00c4hnlicher Beitrag","img":{"alt_text":"","src":"","width":0,"height":0},"classes":[]},{"id":456,"url":"https:\/\/homeinabowl.de\/?page_id=456","url_meta":{"origin":7,"position":1},"title":"Markt der Utopien","date":"April 16, 2021","format":false,"excerpt":"Eine Performance F\u00fcr das Friedensfest der Stadt Augsburg 2018 er\u00f6ffneten wir den \"Markt der Utopien\" und stellten Lebensmittel vor, die von vielen Versprechen begleitet wurden. Superm\u00e4rkte verkaufen l\u00e4ngst nicht mehr nur Dinge - die Regale sind prall gef\u00fcllt mit Utopien. Die Heilsversprechen sind dabei so unterschiedlich wie zahlreich: Gl\u00fcckliche Tiere,\u2026","rel":"","context":"\u00c4hnlicher Beitrag","img":{"alt_text":"","src":"https:\/\/i2.wp.com\/homeinabowl.de\/wp-content\/uploads\/2021\/04\/Plakat-Crmbs-small-1-scaled.jpg?resize=350%2C200&ssl=1","width":350,"height":200},"classes":[]},{"id":13,"url":"https:\/\/homeinabowl.de\/?page_id=13","url_meta":{"origin":7,"position":2},"title":"unser Verein","date":"September 18, 2015","format":false,"excerpt":"Im Oktober 2014 machten sich Johanna Wehle, Karin Wehle und Tanja Blum auf die spannende Reise durch die K\u00fcchen von Menschen aus den unterschiedlichsten L\u00e4ndern, die in Augsburg ihre Heimat gefunden haben. Sie wollten deren Lieblingsgerichte und die pers\u00f6nlichen Geschichten rund um die Gerichte kennenlernen, die dann im Herbst 2015\u2026","rel":"","context":"\u00c4hnlicher Beitrag","img":{"alt_text":"","src":"https:\/\/i2.wp.com\/homeinabowl.de\/wp-content\/uploads\/2019\/08\/DSC01307.jpg?resize=350%2C200&ssl=1","width":350,"height":200},"classes":[]},{"id":319,"url":"https:\/\/homeinabowl.de\/?page_id=319","url_meta":{"origin":7,"position":3},"title":"Pressespiegel","date":"April 21, 2017","format":false,"excerpt":"Das sagt die Presse \u00fcber uns (eine Auswahl): \"Diese Geschichten machen mir noch deutlicher, wie wichtig und unterst\u00fctzenswert so positive, lebensfrohe Projekte wie Home in a Bowl sind. Essen ist Emotion, ist Zuhause und Familie und Rettung, und es macht uns empf\u00e4nglich f\u00fcr neue Erfahrungen, f\u00fcr Erz\u00e4hlungen von anderswo. Nach\u2026","rel":"","context":"\u00c4hnlicher Beitrag","img":{"alt_text":"","src":"","width":0,"height":0},"classes":[]},{"id":459,"url":"https:\/\/homeinabowl.de\/?page_id=459","url_meta":{"origin":7,"position":4},"title":"Zocken \u00e0 la carte","date":"April 16, 2021","format":false,"excerpt":"Ein kulinarisches Rollenspiel f\u00fcr das Friedensfest der Stadt Augsburg 2019 Darum ging es: In Superm\u00e4rkten finden wir ein verf\u00fchrerisches Angebot an Lebensmitteln aus aller Welt. Entscheidendes Auswahlkriterium ist oft der Preis und der steigt stetig. Wir haben ein gro\u00dfes Ma\u00df an Freiheit und M\u00f6glichkeiten, doch in anderen Weltregionen werden Lebensmittel\u2026","rel":"","context":"\u00c4hnlicher Beitrag","img":{"alt_text":"","src":"https:\/\/i2.wp.com\/homeinabowl.de\/wp-content\/uploads\/2021\/04\/DSC07660.jpg?resize=350%2C200&ssl=1","width":350,"height":200},"classes":[]},{"id":65,"url":"https:\/\/homeinabowl.de\/?page_id=65","url_meta":{"origin":7,"position":5},"title":"interkultureller Einkaufsguide","date":"November 1, 2015","format":false,"excerpt":"Die meisten der Zutaten unserer Rezepte sind im mittelgro\u00dfen Supermarkt um die Ecke zu\u00a0finden. F\u00fcr Produkte wie Okraschoten, Kochbananen oder verschiedene Gew\u00fcrze muss man\u00a0sich aber vielleicht doch auf die spannende Suche nach asiatischen, osteurop\u00e4ischen oder\u00a0arabischen Superm\u00e4rkten begeben. Diese gibt es in kleinere oder gr\u00f6\u00dferer Anzahl in jeder\u00a0Stadt, wir haben hier\u2026","rel":"","context":"\u00c4hnlicher Beitrag","img":{"alt_text":"","src":"","width":0,"height":0},"classes":[]}],"jetpack_likes_enabled":true,"_links":{"self":[{"href":"https:\/\/homeinabowl.de\/index.php?rest_route=\/wp\/v2\/pages\/7"}],"collection":[{"href":"https:\/\/homeinabowl.de\/index.php?rest_route=\/wp\/v2\/pages"}],"about":[{"href":"https:\/\/homeinabowl.de\/index.php?rest_route=\/wp\/v2\/types\/page"}],"author":[{"embeddable":true,"href":"https:\/\/homeinabowl.de\/index.php?rest_route=\/wp\/v2\/users\/1"}],"replies":[{"embeddable":true,"href":"https:\/\/homeinabowl.de\/index.php?rest_route=%2Fwp%2Fv2%2Fcomments&post=7"}],"version-history":[{"count":22,"href":"https:\/\/homeinabowl.de\/index.php?rest_route=\/wp\/v2\/pages\/7\/revisions"}],"predecessor-version":[{"id":578,"href":"https:\/\/homeinabowl.de\/index.php?rest_route=\/wp\/v2\/pages\/7\/revisions\/578"}],"wp:attachment":[{"href":"https:\/\/homeinabowl.de\/index.php?rest_route=%2Fwp%2Fv2%2Fmedia&parent=7"}],"curies":[{"name":"wp","href":"https:\/\/api.w.org\/{rel}","templated":true}]}}