{"id":88,"date":"2015-12-01T15:31:10","date_gmt":"2015-12-01T15:31:10","guid":{"rendered":"http:\/\/homeinabowl.de\/?page_id=88"},"modified":"2021-04-16T11:39:48","modified_gmt":"2021-04-16T11:39:48","slug":"buch-kaufen","status":"publish","type":"page","link":"https:\/\/homeinabowl.de\/?page_id=88","title":{"rendered":"Bezugsquellen"},"content":{"rendered":"<h3><strong>M\u00f6chtest du Band 2 unseres Kochbuchs direkt bei uns bestellen (Band 1 ist leider ausverkauft) ?<\/strong><\/h3>\n<p>Schick uns hierf\u00fcr bitte eine Mail an <a href=\"mailto:kontakt@homeinabowl.de\">kontakt@homeinabowl.de<\/a> mit der gew\u00fcnschten Anzahl und eurer Adresse. Du bekommst dann eine Antwort mit unserer Kontoverbindung. Wenn die \u00dcberweisung bei uns eingegangen ist, versenden wir die Bestellung (in der Regel 1-2 mal pro Woche). En Buch kostet 14,90 \u20ac.<\/p>\n<p>Versandkosten innerhalb Deutschlands<\/p>\n<ul>\n<li>f\u00fcr 1 Buch: 1,55 \u20ac<\/li>\n<li>f\u00fcr 2 B\u00fccher: 2,20 \u20ac<\/li>\n<li>f\u00fcr mehr als 2 B\u00fccher werden die Versandkosten individuell berechnet<\/li>\n<\/ul>\n<h3><strong>Das Kochbuch ist zudem f\u00fcr 14,90 \u20ac bei den folgenden Verkaufsstellen in Augsburg und Schwabm\u00fcnchen erh\u00e4ltlich (unter Vorbehalt):<\/strong><\/h3>\n<p><strong>Buchhandlung am Obstmarkt<\/strong><br \/>\nObstmarkt 11, 86152 Augsburg<br \/>\n<a href=\"http:\/\/www.buchhandlung-am-obstmarkt.de\" target=\"_blank\" rel=\"noopener noreferrer\">www.buchhandlung-am-obstmarkt.de<\/a><\/p>\n<hr \/>\n<p><strong>Buchhandlung Schmid<\/strong><br \/>\nFuggerstr. 14, 86830\u00a0Schwabm\u00fcnchen<br \/>\n<a href=\"https:\/\/schmid.buchhandlung.de\">https:\/\/schmid.buchhandlung.de<\/a><\/p>\n<hr \/>\n<p><strong>B\u00fccher Pustet<\/strong><br \/>\nKarolinenstra\u00dfe 12, 86150 Augsburg<br \/>\n<a href=\"https:\/\/www.pustet.de\/\" target=\"_blank\" rel=\"noopener noreferrer\">www.pustet.de<\/a><\/p>\n<hr \/>\n<p><strong>B\u00fccherinsel Pfersee<\/strong><br \/>\nAugsburger Stra\u00dfe 15 1\/2, 86157 Augsburg<br \/>\n<a href=\"https:\/\/www.genialokal.de\/buchhandlung\/augsburg\/buecherinsel-pfersee\/\">https:\/\/www.genialokal.de\/buchhandlung\/augsburg\/buecherinsel-pfersee\/<\/a><\/p>\n<hr \/>\n<p><b>Grandhotel Cosmopolis<br \/>\n<\/b>Springerg\u00e4\u00dfchen 5, 86152 Augsburg<strong><br \/>\n<\/strong><a href=\"http:\/\/www.grandhotel-cosmopolis.org\">www.grandhotel-cosmopolis.org<\/a><\/p>\n<hr \/>\n<p><strong>J.A. Schlossersche Buchhandlung<\/strong><br \/>\nAnnastra\u00dfe 20, 86150 Augsburg<br \/>\n<a href=\"http:\/\/www.schlossersche.shop-asp.de\">www.schlossersche.shop-asp.de<\/a><\/p>\n<hr \/>\n<p><strong>K\u00e4tchens<b><br \/>\n<\/b><\/strong>Peutingerstr. 18 \/ Fronhof 9, 86152 Augsburg\u00a0<strong><br \/>\n<\/strong><a href=\"http:\/\/www.facebook.com\/Kaetchens\">www.facebook.com\/Kaetchens<\/a><\/p>\n<hr \/>\n<p><b>K41<br \/>\n<\/b>Konrad-Adenauer-Allee 41, 86150\u00a0Augsburg\u00a0<strong><br \/>\n<\/strong><a href=\"http:\/\/www.lienus.de\">www.lienus.de<\/a><\/p>\n<hr \/>\n<p><b>Kolonial Feinkost &amp; Buch<br \/>\n<\/b>Mittlerer Lech 2, 86150\u00a0Augsburg\u00a0<strong><br \/>\n<\/strong><a href=\"http:\/\/www.kolonial-augsburg.de\">http:\/\/www.kolonial-augsburg.de<\/a><\/p>\n<hr \/>\n<p><strong>Lokalhelden\u00a0<b><br \/>\n<\/b><\/strong>Bismarckstr. 10, 86159 Augsburg\u00a0<strong><br \/>\n<\/strong><a href=\"http:\/\/www.facebook.com\/helden\">www.facebook.com\/helden<\/a><\/p>\n<hr \/>\n<p><b>Taschenbuchladen<br \/>\n<\/b>F\u00e4rberg\u00e4\u00dfchen 1, 86150 Augsburg<\/p>\n<hr \/>\n<p><b>Probuch<br \/>\n<\/b>G\u00f6gginger Str. 34, 86159 Augsburg<strong><br \/>\n<\/strong><\/p>\n<hr \/>\n<p><b>Rieger + Kranzfelder<br \/>\n<\/b>Maximilianstr. 36, 86150 Augsburg\u00a0<strong><br \/>\n<\/strong><a href=\"http:\/\/www.rieger-und-kranzfelder.de\">www.rieger-und-kranzfelder.de<\/a><\/p>\n<hr \/>\n<p><b>Ruta Natur<br \/>\n<\/b>Prinzregentenstr. 7 , 86150 Augsburg\u00a0<strong><br \/>\n<\/strong><a href=\"http:\/\/rutanatur.de\/\">www.rutanatur.de<\/a><\/p>\n<hr \/>\n<p><b>Taschenbuchladen<br \/>\n<\/b>F\u00e4rberg\u00e4\u00dfchen 1, 86150 Augsburg<\/p>\n<hr \/>\n<p><b>Weltladen Augsburg<\/b><strong><b><br \/>\n<\/b><\/strong>Wei\u00dfe Gasse 3, 86150 Augsburg<br \/>\n<a href=\"http:\/\/www.weltladen-augsburg.de\">www.weltladen-augsburg.de<\/a><\/p>\n","protected":false},"excerpt":{"rendered":"<p>M\u00f6chtest du Band 2 unseres Kochbuchs direkt bei uns bestellen (Band 1 ist leider ausverkauft) ? Schick uns hierf\u00fcr bitte eine Mail an kontakt@homeinabowl.de mit der gew\u00fcnschten Anzahl und eurer Adresse. Du bekommst dann eine&hellip; <a class=\"excerpt-more-link\" href=\"https:\/\/homeinabowl.de\/?page_id=88\">Read More<\/a><\/p>\n","protected":false},"author":1,"featured_media":0,"parent":0,"menu_order":0,"comment_status":"closed","ping_status":"closed","template":"","meta":{"spay_email":""},"jetpack_sharing_enabled":true,"jetpack_shortlink":"https:\/\/wp.me\/P6KEQx-1q","jetpack-related-posts":[{"id":319,"url":"https:\/\/homeinabowl.de\/?page_id=319","url_meta":{"origin":88,"position":0},"title":"Pressespiegel","date":"April 21, 2017","format":false,"excerpt":"Das sagt die Presse \u00fcber uns (eine Auswahl): \"Diese Geschichten machen mir noch deutlicher, wie wichtig und unterst\u00fctzenswert so positive, lebensfrohe Projekte wie Home in a Bowl sind. Essen ist Emotion, ist Zuhause und Familie und Rettung, und es macht uns empf\u00e4nglich f\u00fcr neue Erfahrungen, f\u00fcr Erz\u00e4hlungen von anderswo. Nach\u2026","rel":"","context":"\u00c4hnlicher Beitrag","img":{"alt_text":"","src":"","width":0,"height":0},"classes":[]},{"id":13,"url":"https:\/\/homeinabowl.de\/?page_id=13","url_meta":{"origin":88,"position":1},"title":"unser Verein","date":"September 18, 2015","format":false,"excerpt":"Im Oktober 2014 machten sich Johanna Wehle, Karin Wehle und Tanja Blum auf die spannende Reise durch die K\u00fcchen von Menschen aus den unterschiedlichsten L\u00e4ndern, die in Augsburg ihre Heimat gefunden haben. Sie wollten deren Lieblingsgerichte und die pers\u00f6nlichen Geschichten rund um die Gerichte kennenlernen, die dann im Herbst 2015\u2026","rel":"","context":"\u00c4hnlicher Beitrag","img":{"alt_text":"","src":"https:\/\/i2.wp.com\/homeinabowl.de\/wp-content\/uploads\/2019\/08\/DSC01307.jpg?resize=350%2C200&ssl=1","width":350,"height":200},"classes":[]},{"id":450,"url":"https:\/\/homeinabowl.de\/?page_id=450","url_meta":{"origin":88,"position":2},"title":"Geschmacksfreiheit und Genussgrenzen","date":"April 16, 2021","format":false,"excerpt":"Eine interaktive Food-Performance bei der Langen Nacht der Freiheit der Stadt Augsburg 2017 Ein Aspekt von Freiheit ist, sich frei zu bewegen und frei zwischen verschiedenen M\u00f6glichkeiten w\u00e4hlen zu k\u00f6nnen. Aber diese Form der Freiheit ist stark an die Staatsb\u00fcrgerschaft gebunden, und damit vom Pass abh\u00e4ngig. Auch beim Essen ist\u2026","rel":"","context":"\u00c4hnlicher Beitrag","img":{"alt_text":"","src":"https:\/\/i2.wp.com\/homeinabowl.de\/wp-content\/uploads\/2021\/04\/DSC01767.jpg?resize=350%2C200&ssl=1","width":350,"height":200},"classes":[]},{"id":65,"url":"https:\/\/homeinabowl.de\/?page_id=65","url_meta":{"origin":88,"position":3},"title":"interkultureller Einkaufsguide","date":"November 1, 2015","format":false,"excerpt":"Die meisten der Zutaten unserer Rezepte sind im mittelgro\u00dfen Supermarkt um die Ecke zu\u00a0finden. F\u00fcr Produkte wie Okraschoten, Kochbananen oder verschiedene Gew\u00fcrze muss man\u00a0sich aber vielleicht doch auf die spannende Suche nach asiatischen, osteurop\u00e4ischen oder\u00a0arabischen Superm\u00e4rkten begeben. Diese gibt es in kleinere oder gr\u00f6\u00dferer Anzahl in jeder\u00a0Stadt, wir haben hier\u2026","rel":"","context":"\u00c4hnlicher Beitrag","img":{"alt_text":"","src":"","width":0,"height":0},"classes":[]},{"id":125,"url":"https:\/\/homeinabowl.de\/?page_id=125","url_meta":{"origin":88,"position":4},"title":"Die Idee","date":"Februar 9, 2016","format":false,"excerpt":"In Augsburg leben \u00fcber 40% Menschen mit Migrationshintergrund \u2013 die besten Voraussetzungen f\u00fcr unsere interkulturellen Kochb\u00fccher! Seit Ende 2014 kochen wir mit Menschen aus den unterschiedlichsten L\u00e4ndern, die in Augsburg ihre Heimat gefunden haben. Wir durften viele Lieblingsgerichte, Kochgeschichten und wunderbare Menschen kennenlernen.Unser Ziel ist es Menschen zu verbinden. Gerade\u2026","rel":"","context":"\u00c4hnlicher Beitrag","img":{"alt_text":"","src":"","width":0,"height":0},"classes":[]},{"id":456,"url":"https:\/\/homeinabowl.de\/?page_id=456","url_meta":{"origin":88,"position":5},"title":"Markt der Utopien","date":"April 16, 2021","format":false,"excerpt":"Eine Performance F\u00fcr das Friedensfest der Stadt Augsburg 2018 er\u00f6ffneten wir den \"Markt der Utopien\" und stellten Lebensmittel vor, die von vielen Versprechen begleitet wurden. Superm\u00e4rkte verkaufen l\u00e4ngst nicht mehr nur Dinge - die Regale sind prall gef\u00fcllt mit Utopien. Die Heilsversprechen sind dabei so unterschiedlich wie zahlreich: Gl\u00fcckliche Tiere,\u2026","rel":"","context":"\u00c4hnlicher Beitrag","img":{"alt_text":"","src":"https:\/\/i2.wp.com\/homeinabowl.de\/wp-content\/uploads\/2021\/04\/Plakat-Crmbs-small-1-scaled.jpg?resize=350%2C200&ssl=1","width":350,"height":200},"classes":[]}],"jetpack_likes_enabled":true,"_links":{"self":[{"href":"https:\/\/homeinabowl.de\/index.php?rest_route=\/wp\/v2\/pages\/88"}],"collection":[{"href":"https:\/\/homeinabowl.de\/index.php?rest_route=\/wp\/v2\/pages"}],"about":[{"href":"https:\/\/homeinabowl.de\/index.php?rest_route=\/wp\/v2\/types\/page"}],"author":[{"embeddable":true,"href":"https:\/\/homeinabowl.de\/index.php?rest_route=\/wp\/v2\/users\/1"}],"replies":[{"embeddable":true,"href":"https:\/\/homeinabowl.de\/index.php?rest_route=%2Fwp%2Fv2%2Fcomments&post=88"}],"version-history":[{"count":32,"href":"https:\/\/homeinabowl.de\/index.php?rest_route=\/wp\/v2\/pages\/88\/revisions"}],"predecessor-version":[{"id":513,"href":"https:\/\/homeinabowl.de\/index.php?rest_route=\/wp\/v2\/pages\/88\/revisions\/513"}],"wp:attachment":[{"href":"https:\/\/homeinabowl.de\/index.php?rest_route=%2Fwp%2Fv2%2Fmedia&parent=88"}],"curies":[{"name":"wp","href":"https:\/\/api.w.org\/{rel}","templated":true}]}}